{"id":84,"date":"2013-04-18T11:35:44","date_gmt":"2013-04-18T09:35:44","guid":{"rendered":"https:\/\/www.grimme-partner.com\/wer-sind-grimme-partner\/angela-schutte\/"},"modified":"2017-06-06T14:46:25","modified_gmt":"2017-06-06T12:46:25","slug":"angela-schuette","status":"publish","type":"page","link":"https:\/\/www.grimme-partner.com\/en\/wer-sind-grimme-und-partner\/angela-schuette\/","title":{"rendered":"Angela Sch\u00fctte, partner"},"content":{"rendered":"<p>After starting my professional life in the Southern Germany (Sauerland region to be precise) in 2001, I was drawn back north to the beautiful city of Hamburg. Through working with Mr. Grimme I was able to specialise in transport law.<\/p>\n<p>The ever-changing situations and the possibility to exchange knowledge and information with clients on a high level of expertise make my every day work-life exciting and challenging. <\/p>\n<p style=\"text-align: right;\"><span class=\"arrowLink\"><a title=\"R\u00e9sum\u00e9 Angela Sch\u00fctte\" href=\"https:\/\/www.grimme-partner.com\/en\/wer-sind-grimme-und-partner\/angela-schuette\/lebenslauf-angela-schuette\/\">R\u00e9sum\u00e9<\/a><\/span><\/p>\n<p style=\"text-align: right;\"><span class=\"arrowLink\"><a title=\"email to Angela Sch\u00fctte\" href=\"mailto:a.schuette@grimme-partner.com\">email<\/a><\/span><\/p>\n<p>&nbsp;<\/p>\n<p>&nbsp;<\/p>\n<p>&nbsp;<\/p>\n<p>&nbsp;<\/p>\n<p>&nbsp;<\/p>","protected":false},"excerpt":{"rendered":"<p>After starting my professional life in the Southern Germany (Sauerland region to be precise) in 2001, I was drawn back north to the beautiful city of Hamburg. Through working with Mr. Grimme I was able to specialise in transport law. The ever-changing situations and the possibility to exchange knowledge and information with clients on a [&hellip;]<\/p>\n","protected":false},"author":1,"featured_media":822,"parent":6,"menu_order":2,"comment_status":"closed","ping_status":"closed","template":"","meta":[],"acf":[],"yoast_head":"<!-- This site is optimized with the Yoast SEO plugin v20.0 - https:\/\/yoast.com\/wordpress\/plugins\/seo\/ -->\n<title>Angela Sch\u00fctte, Fachanw\u00e4ltin f\u00fcr Transport- und Speditionsrecht<\/title>\n<meta name=\"description\" content=\"Angela Sch\u00fctte, Grimme &amp; Partner Rechtsanw\u00e4lte, Hamburg, Fachanw\u00e4ltin f\u00fcr Transport- und Speditionsrecht\" \/>\n<meta name=\"robots\" content=\"index, follow, max-snippet:-1, max-image-preview:large, max-video-preview:-1\" \/>\n<link rel=\"canonical\" href=\"https:\/\/www.grimme-partner.com\/en\/wer-sind-grimme-und-partner\/angela-schuette\/\" \/>\n<meta property=\"og:locale\" content=\"en_US\" \/>\n<meta property=\"og:type\" content=\"article\" \/>\n<meta property=\"og:title\" content=\"Angela Sch\u00fctte, Fachanw\u00e4ltin f\u00fcr Transport- und Speditionsrecht\" \/>\n<meta property=\"og:description\" content=\"Angela Sch\u00fctte, Grimme &amp; Partner Rechtsanw\u00e4lte, Hamburg, Fachanw\u00e4ltin f\u00fcr Transport- und Speditionsrecht\" \/>\n<meta property=\"og:url\" content=\"https:\/\/www.grimme-partner.com\/en\/wer-sind-grimme-und-partner\/angela-schuette\/\" \/>\n<meta property=\"og:site_name\" content=\"Grimme &amp; Partner\" \/>\n<meta property=\"article:modified_time\" content=\"2017-06-06T12:46:25+00:00\" \/>\n<meta property=\"og:image\" content=\"https:\/\/www.grimme-partner.com\/wp-content\/uploads\/2013\/04\/angela_schuette1.jpg\" \/>\n\t<meta property=\"og:image:width\" content=\"1040\" \/>\n\t<meta property=\"og:image:height\" content=\"700\" \/>\n\t<meta property=\"og:image:type\" content=\"image\/jpeg\" \/>\n<meta name=\"twitter:card\" content=\"summary_large_image\" \/>\n<meta name=\"twitter:label1\" content=\"Est. reading time\" \/>\n\t<meta name=\"twitter:data1\" content=\"1 minute\" \/>\n<script type=\"application\/ld+json\" class=\"yoast-schema-graph\">{\"@context\":\"https:\/\/schema.org\",\"@graph\":[{\"@type\":\"WebPage\",\"@id\":\"https:\/\/www.grimme-partner.com\/en\/wer-sind-grimme-und-partner\/angela-schuette\/\",\"url\":\"https:\/\/www.grimme-partner.com\/en\/wer-sind-grimme-und-partner\/angela-schuette\/\",\"name\":\"Angela Sch\u00fctte, Fachanw\u00e4ltin f\u00fcr Transport- und Speditionsrecht\",\"isPartOf\":{\"@id\":\"https:\/\/www.grimme-partner.com\/en\/#website\"},\"datePublished\":\"2013-04-18T09:35:44+00:00\",\"dateModified\":\"2017-06-06T12:46:25+00:00\",\"description\":\"Angela Sch\u00fctte, Grimme & Partner Rechtsanw\u00e4lte, Hamburg, Fachanw\u00e4ltin f\u00fcr Transport- und Speditionsrecht\",\"breadcrumb\":{\"@id\":\"https:\/\/www.grimme-partner.com\/en\/wer-sind-grimme-und-partner\/angela-schuette\/#breadcrumb\"},\"inLanguage\":\"en-US\",\"potentialAction\":[{\"@type\":\"ReadAction\",\"target\":[[\"https:\/\/www.grimme-partner.com\/en\/wer-sind-grimme-und-partner\/angela-schuette\/\"]]}]},{\"@type\":\"BreadcrumbList\",\"@id\":\"https:\/\/www.grimme-partner.com\/en\/wer-sind-grimme-und-partner\/angela-schuette\/#breadcrumb\",\"itemListElement\":[{\"@type\":\"ListItem\",\"position\":1,\"name\":\"Startseite\",\"item\":\"https:\/\/www.grimme-partner.com\/en\/\"},{\"@type\":\"ListItem\",\"position\":2,\"name\":\"Wer sind Grimme &#038; Partner?\",\"item\":\"https:\/\/www.grimme-partner.com\/en\/wer-sind-grimme-und-partner\/\"},{\"@type\":\"ListItem\",\"position\":3,\"name\":\"Angela Sch\u00fctte, Partnerin\"}]},{\"@type\":\"WebSite\",\"@id\":\"https:\/\/www.grimme-partner.com\/en\/#website\",\"url\":\"https:\/\/www.grimme-partner.com\/en\/\",\"name\":\"Grimme &amp; Partner\",\"description\":\"Lawyers\",\"publisher\":{\"@id\":\"https:\/\/www.grimme-partner.com\/en\/#organization\"},\"potentialAction\":[{\"@type\":\"SearchAction\",\"target\":{\"@type\":\"EntryPoint\",\"urlTemplate\":\"https:\/\/www.grimme-partner.com\/en\/?s={search_term_string}\"},\"query-input\":\"required name=search_term_string\"}],\"inLanguage\":\"en-US\"},{\"@type\":\"Organization\",\"@id\":\"https:\/\/www.grimme-partner.com\/en\/#organization\",\"name\":\"Grimme & Partner\",\"url\":\"https:\/\/www.grimme-partner.com\/en\/\",\"logo\":{\"@type\":\"ImageObject\",\"inLanguage\":\"en-US\",\"@id\":\"https:\/\/www.grimme-partner.com\/en\/#\/schema\/logo\/image\/\",\"url\":\"https:\/\/www.grimme-partner.com\/wp-content\/uploads\/2013\/04\/grimme-und-partner-rechtsanwaelte-logo1.png\",\"contentUrl\":\"https:\/\/www.grimme-partner.com\/wp-content\/uploads\/2013\/04\/grimme-und-partner-rechtsanwaelte-logo1.png\",\"width\":300,\"height\":62,\"caption\":\"Grimme & Partner\"},\"image\":{\"@id\":\"https:\/\/www.grimme-partner.com\/en\/#\/schema\/logo\/image\/\"}}]}<\/script>\n<!-- \/ Yoast SEO plugin. -->","yoast_head_json":{"title":"Angela Sch\u00fctte, Fachanw\u00e4ltin f\u00fcr Transport- und Speditionsrecht","description":"Angela Sch\u00fctte, Grimme & Partner Rechtsanw\u00e4lte, Hamburg, Fachanw\u00e4ltin f\u00fcr Transport- und Speditionsrecht","robots":{"index":"index","follow":"follow","max-snippet":"max-snippet:-1","max-image-preview":"max-image-preview:large","max-video-preview":"max-video-preview:-1"},"canonical":"https:\/\/www.grimme-partner.com\/en\/wer-sind-grimme-und-partner\/angela-schuette\/","og_locale":"en_US","og_type":"article","og_title":"Angela Sch\u00fctte, Fachanw\u00e4ltin f\u00fcr Transport- und Speditionsrecht","og_description":"Angela Sch\u00fctte, Grimme & Partner Rechtsanw\u00e4lte, Hamburg, Fachanw\u00e4ltin f\u00fcr Transport- und Speditionsrecht","og_url":"https:\/\/www.grimme-partner.com\/en\/wer-sind-grimme-und-partner\/angela-schuette\/","og_site_name":"Grimme &amp; Partner","article_modified_time":"2017-06-06T12:46:25+00:00","og_image":[{"width":1040,"height":700,"url":"https:\/\/www.grimme-partner.com\/wp-content\/uploads\/2013\/04\/angela_schuette1.jpg","type":"image\/jpeg"}],"twitter_card":"summary_large_image","twitter_misc":{"Est. reading time":"1 minute"},"schema":{"@context":"https:\/\/schema.org","@graph":[{"@type":"WebPage","@id":"https:\/\/www.grimme-partner.com\/en\/wer-sind-grimme-und-partner\/angela-schuette\/","url":"https:\/\/www.grimme-partner.com\/en\/wer-sind-grimme-und-partner\/angela-schuette\/","name":"Angela Sch\u00fctte, Fachanw\u00e4ltin f\u00fcr Transport- und Speditionsrecht","isPartOf":{"@id":"https:\/\/www.grimme-partner.com\/en\/#website"},"datePublished":"2013-04-18T09:35:44+00:00","dateModified":"2017-06-06T12:46:25+00:00","description":"Angela Sch\u00fctte, Grimme & Partner Rechtsanw\u00e4lte, Hamburg, Fachanw\u00e4ltin f\u00fcr Transport- und Speditionsrecht","breadcrumb":{"@id":"https:\/\/www.grimme-partner.com\/en\/wer-sind-grimme-und-partner\/angela-schuette\/#breadcrumb"},"inLanguage":"en-US","potentialAction":[{"@type":"ReadAction","target":[["https:\/\/www.grimme-partner.com\/en\/wer-sind-grimme-und-partner\/angela-schuette\/"]]}]},{"@type":"BreadcrumbList","@id":"https:\/\/www.grimme-partner.com\/en\/wer-sind-grimme-und-partner\/angela-schuette\/#breadcrumb","itemListElement":[{"@type":"ListItem","position":1,"name":"Startseite","item":"https:\/\/www.grimme-partner.com\/en\/"},{"@type":"ListItem","position":2,"name":"Wer sind Grimme &#038; Partner?","item":"https:\/\/www.grimme-partner.com\/en\/wer-sind-grimme-und-partner\/"},{"@type":"ListItem","position":3,"name":"Angela Sch\u00fctte, Partnerin"}]},{"@type":"WebSite","@id":"https:\/\/www.grimme-partner.com\/en\/#website","url":"https:\/\/www.grimme-partner.com\/en\/","name":"Grimme &amp; Partner","description":"Lawyers","publisher":{"@id":"https:\/\/www.grimme-partner.com\/en\/#organization"},"potentialAction":[{"@type":"SearchAction","target":{"@type":"EntryPoint","urlTemplate":"https:\/\/www.grimme-partner.com\/en\/?s={search_term_string}"},"query-input":"required name=search_term_string"}],"inLanguage":"en-US"},{"@type":"Organization","@id":"https:\/\/www.grimme-partner.com\/en\/#organization","name":"Grimme & Partner","url":"https:\/\/www.grimme-partner.com\/en\/","logo":{"@type":"ImageObject","inLanguage":"en-US","@id":"https:\/\/www.grimme-partner.com\/en\/#\/schema\/logo\/image\/","url":"https:\/\/www.grimme-partner.com\/wp-content\/uploads\/2013\/04\/grimme-und-partner-rechtsanwaelte-logo1.png","contentUrl":"https:\/\/www.grimme-partner.com\/wp-content\/uploads\/2013\/04\/grimme-und-partner-rechtsanwaelte-logo1.png","width":300,"height":62,"caption":"Grimme & Partner"},"image":{"@id":"https:\/\/www.grimme-partner.com\/en\/#\/schema\/logo\/image\/"}}]}},"_links":{"self":[{"href":"https:\/\/www.grimme-partner.com\/en\/wp-json\/wp\/v2\/pages\/84"}],"collection":[{"href":"https:\/\/www.grimme-partner.com\/en\/wp-json\/wp\/v2\/pages"}],"about":[{"href":"https:\/\/www.grimme-partner.com\/en\/wp-json\/wp\/v2\/types\/page"}],"author":[{"embeddable":true,"href":"https:\/\/www.grimme-partner.com\/en\/wp-json\/wp\/v2\/users\/1"}],"replies":[{"embeddable":true,"href":"https:\/\/www.grimme-partner.com\/en\/wp-json\/wp\/v2\/comments?post=84"}],"version-history":[{"count":33,"href":"https:\/\/www.grimme-partner.com\/en\/wp-json\/wp\/v2\/pages\/84\/revisions"}],"predecessor-version":[{"id":1766,"href":"https:\/\/www.grimme-partner.com\/en\/wp-json\/wp\/v2\/pages\/84\/revisions\/1766"}],"up":[{"embeddable":true,"href":"https:\/\/www.grimme-partner.com\/en\/wp-json\/wp\/v2\/pages\/6"}],"wp:featuredmedia":[{"embeddable":true,"href":"https:\/\/www.grimme-partner.com\/en\/wp-json\/wp\/v2\/media\/822"}],"wp:attachment":[{"href":"https:\/\/www.grimme-partner.com\/en\/wp-json\/wp\/v2\/media?parent=84"}],"curies":[{"name":"wp","href":"https:\/\/api.w.org\/{rel}","templated":true}]}}