{"id":6,"date":"2013-04-17T11:29:36","date_gmt":"2013-04-17T09:29:36","guid":{"rendered":"https:\/\/www.grimme-partner.com\/?page_id=6"},"modified":"2017-06-06T14:40:31","modified_gmt":"2017-06-06T12:40:31","slug":"wer-sind-grimme-und-partner","status":"publish","type":"page","link":"https:\/\/www.grimme-partner.com\/en\/wer-sind-grimme-und-partner\/","title":{"rendered":"Who are Grimme &#038; Partner?"},"content":{"rendered":"<p>Founded in 1984 by Mr Grimme, our firm has been specialised in the field of transport and insurance law ever since. It is our goal to handle all cases swiftly and thoroughly.<\/p>\n<p>Nobody is interested in long-lasting proceedings resulting in substantial costs. Therefore we try to settle conflicts in a time and cost saving manner as long as no principal questions of law need to be decided upon by a (supreme) court or if a dispute is unavoidable.<\/p>\n<p>Our goal is maximum transparency of the process, its traceability and the possibility to review the results achieved. Accordingly we work in close coordination with our clients. If desired, Grimme &#038; Partner will report to clients about proceedings via copies and keeps statistics on recourse proceeds, status of proceedings and much more.<\/p>","protected":false},"excerpt":{"rendered":"<p>Founded in 1984 by Mr Grimme, our firm has been specialised in the field of transport and insurance law ever since. It is our goal to handle all cases swiftly and thoroughly. Nobody is interested in long-lasting proceedings resulting in substantial costs. Therefore we try to settle conflicts in a time and cost saving manner [&hellip;]<\/p>\n","protected":false},"author":1,"featured_media":0,"parent":0,"menu_order":11,"comment_status":"closed","ping_status":"closed","template":"","meta":[],"acf":[],"yoast_head":"<!-- This site is optimized with the Yoast SEO plugin v20.0 - https:\/\/yoast.com\/wordpress\/plugins\/seo\/ -->\n<title>Grimme &amp; Partner Rechtsanw\u00e4lte, Hamburg, Transportrecht<\/title>\n<meta name=\"description\" content=\"Wir sind ein eingespieltes Team von Anw\u00e4lten mit Spa\u00df an der Arbeit und der \u00dcberzeugung und der Befriedigung gute Arbeit zu leisten. Und das seit 1994.\" \/>\n<meta name=\"robots\" content=\"index, follow, max-snippet:-1, max-image-preview:large, max-video-preview:-1\" \/>\n<link rel=\"canonical\" href=\"https:\/\/www.grimme-partner.com\/en\/wer-sind-grimme-und-partner\/\" \/>\n<meta property=\"og:locale\" content=\"en_US\" \/>\n<meta property=\"og:type\" content=\"article\" \/>\n<meta property=\"og:title\" content=\"Grimme &amp; Partner Rechtsanw\u00e4lte, Hamburg, Transportrecht\" \/>\n<meta property=\"og:description\" content=\"Wir sind ein eingespieltes Team von Anw\u00e4lten mit Spa\u00df an der Arbeit und der \u00dcberzeugung und der Befriedigung gute Arbeit zu leisten. Und das seit 1994.\" \/>\n<meta property=\"og:url\" content=\"https:\/\/www.grimme-partner.com\/en\/wer-sind-grimme-und-partner\/\" \/>\n<meta property=\"og:site_name\" content=\"Grimme &amp; Partner\" \/>\n<meta property=\"article:modified_time\" content=\"2017-06-06T12:40:31+00:00\" \/>\n<meta name=\"twitter:card\" content=\"summary_large_image\" \/>\n<meta name=\"twitter:label1\" content=\"Est. reading time\" \/>\n\t<meta name=\"twitter:data1\" content=\"1 minute\" \/>\n<script type=\"application\/ld+json\" class=\"yoast-schema-graph\">{\"@context\":\"https:\/\/schema.org\",\"@graph\":[{\"@type\":\"WebPage\",\"@id\":\"https:\/\/www.grimme-partner.com\/en\/wer-sind-grimme-und-partner\/\",\"url\":\"https:\/\/www.grimme-partner.com\/en\/wer-sind-grimme-und-partner\/\",\"name\":\"Grimme & Partner Rechtsanw\u00e4lte, Hamburg, Transportrecht\",\"isPartOf\":{\"@id\":\"https:\/\/www.grimme-partner.com\/en\/#website\"},\"datePublished\":\"2013-04-17T09:29:36+00:00\",\"dateModified\":\"2017-06-06T12:40:31+00:00\",\"description\":\"Wir sind ein eingespieltes Team von Anw\u00e4lten mit Spa\u00df an der Arbeit und der \u00dcberzeugung und der Befriedigung gute Arbeit zu leisten. Und das seit 1994.\",\"breadcrumb\":{\"@id\":\"https:\/\/www.grimme-partner.com\/en\/wer-sind-grimme-und-partner\/#breadcrumb\"},\"inLanguage\":\"en-US\",\"potentialAction\":[{\"@type\":\"ReadAction\",\"target\":[[\"https:\/\/www.grimme-partner.com\/en\/wer-sind-grimme-und-partner\/\"]]}]},{\"@type\":\"BreadcrumbList\",\"@id\":\"https:\/\/www.grimme-partner.com\/en\/wer-sind-grimme-und-partner\/#breadcrumb\",\"itemListElement\":[{\"@type\":\"ListItem\",\"position\":1,\"name\":\"Startseite\",\"item\":\"https:\/\/www.grimme-partner.com\/en\/\"},{\"@type\":\"ListItem\",\"position\":2,\"name\":\"Wer sind Grimme &#038; Partner?\"}]},{\"@type\":\"WebSite\",\"@id\":\"https:\/\/www.grimme-partner.com\/en\/#website\",\"url\":\"https:\/\/www.grimme-partner.com\/en\/\",\"name\":\"Grimme &amp; Partner\",\"description\":\"Lawyers\",\"publisher\":{\"@id\":\"https:\/\/www.grimme-partner.com\/en\/#organization\"},\"potentialAction\":[{\"@type\":\"SearchAction\",\"target\":{\"@type\":\"EntryPoint\",\"urlTemplate\":\"https:\/\/www.grimme-partner.com\/en\/?s={search_term_string}\"},\"query-input\":\"required name=search_term_string\"}],\"inLanguage\":\"en-US\"},{\"@type\":\"Organization\",\"@id\":\"https:\/\/www.grimme-partner.com\/en\/#organization\",\"name\":\"Grimme & Partner\",\"url\":\"https:\/\/www.grimme-partner.com\/en\/\",\"logo\":{\"@type\":\"ImageObject\",\"inLanguage\":\"en-US\",\"@id\":\"https:\/\/www.grimme-partner.com\/en\/#\/schema\/logo\/image\/\",\"url\":\"https:\/\/www.grimme-partner.com\/wp-content\/uploads\/2013\/04\/grimme-und-partner-rechtsanwaelte-logo1.png\",\"contentUrl\":\"https:\/\/www.grimme-partner.com\/wp-content\/uploads\/2013\/04\/grimme-und-partner-rechtsanwaelte-logo1.png\",\"width\":300,\"height\":62,\"caption\":\"Grimme & Partner\"},\"image\":{\"@id\":\"https:\/\/www.grimme-partner.com\/en\/#\/schema\/logo\/image\/\"}}]}<\/script>\n<!-- \/ Yoast SEO plugin. -->","yoast_head_json":{"title":"Grimme & Partner Rechtsanw\u00e4lte, Hamburg, Transportrecht","description":"Wir sind ein eingespieltes Team von Anw\u00e4lten mit Spa\u00df an der Arbeit und der \u00dcberzeugung und der Befriedigung gute Arbeit zu leisten. Und das seit 1994.","robots":{"index":"index","follow":"follow","max-snippet":"max-snippet:-1","max-image-preview":"max-image-preview:large","max-video-preview":"max-video-preview:-1"},"canonical":"https:\/\/www.grimme-partner.com\/en\/wer-sind-grimme-und-partner\/","og_locale":"en_US","og_type":"article","og_title":"Grimme & Partner Rechtsanw\u00e4lte, Hamburg, Transportrecht","og_description":"Wir sind ein eingespieltes Team von Anw\u00e4lten mit Spa\u00df an der Arbeit und der \u00dcberzeugung und der Befriedigung gute Arbeit zu leisten. Und das seit 1994.","og_url":"https:\/\/www.grimme-partner.com\/en\/wer-sind-grimme-und-partner\/","og_site_name":"Grimme &amp; Partner","article_modified_time":"2017-06-06T12:40:31+00:00","twitter_card":"summary_large_image","twitter_misc":{"Est. reading time":"1 minute"},"schema":{"@context":"https:\/\/schema.org","@graph":[{"@type":"WebPage","@id":"https:\/\/www.grimme-partner.com\/en\/wer-sind-grimme-und-partner\/","url":"https:\/\/www.grimme-partner.com\/en\/wer-sind-grimme-und-partner\/","name":"Grimme & Partner Rechtsanw\u00e4lte, Hamburg, Transportrecht","isPartOf":{"@id":"https:\/\/www.grimme-partner.com\/en\/#website"},"datePublished":"2013-04-17T09:29:36+00:00","dateModified":"2017-06-06T12:40:31+00:00","description":"Wir sind ein eingespieltes Team von Anw\u00e4lten mit Spa\u00df an der Arbeit und der \u00dcberzeugung und der Befriedigung gute Arbeit zu leisten. Und das seit 1994.","breadcrumb":{"@id":"https:\/\/www.grimme-partner.com\/en\/wer-sind-grimme-und-partner\/#breadcrumb"},"inLanguage":"en-US","potentialAction":[{"@type":"ReadAction","target":[["https:\/\/www.grimme-partner.com\/en\/wer-sind-grimme-und-partner\/"]]}]},{"@type":"BreadcrumbList","@id":"https:\/\/www.grimme-partner.com\/en\/wer-sind-grimme-und-partner\/#breadcrumb","itemListElement":[{"@type":"ListItem","position":1,"name":"Startseite","item":"https:\/\/www.grimme-partner.com\/en\/"},{"@type":"ListItem","position":2,"name":"Wer sind Grimme &#038; Partner?"}]},{"@type":"WebSite","@id":"https:\/\/www.grimme-partner.com\/en\/#website","url":"https:\/\/www.grimme-partner.com\/en\/","name":"Grimme &amp; Partner","description":"Lawyers","publisher":{"@id":"https:\/\/www.grimme-partner.com\/en\/#organization"},"potentialAction":[{"@type":"SearchAction","target":{"@type":"EntryPoint","urlTemplate":"https:\/\/www.grimme-partner.com\/en\/?s={search_term_string}"},"query-input":"required name=search_term_string"}],"inLanguage":"en-US"},{"@type":"Organization","@id":"https:\/\/www.grimme-partner.com\/en\/#organization","name":"Grimme & Partner","url":"https:\/\/www.grimme-partner.com\/en\/","logo":{"@type":"ImageObject","inLanguage":"en-US","@id":"https:\/\/www.grimme-partner.com\/en\/#\/schema\/logo\/image\/","url":"https:\/\/www.grimme-partner.com\/wp-content\/uploads\/2013\/04\/grimme-und-partner-rechtsanwaelte-logo1.png","contentUrl":"https:\/\/www.grimme-partner.com\/wp-content\/uploads\/2013\/04\/grimme-und-partner-rechtsanwaelte-logo1.png","width":300,"height":62,"caption":"Grimme & Partner"},"image":{"@id":"https:\/\/www.grimme-partner.com\/en\/#\/schema\/logo\/image\/"}}]}},"_links":{"self":[{"href":"https:\/\/www.grimme-partner.com\/en\/wp-json\/wp\/v2\/pages\/6"}],"collection":[{"href":"https:\/\/www.grimme-partner.com\/en\/wp-json\/wp\/v2\/pages"}],"about":[{"href":"https:\/\/www.grimme-partner.com\/en\/wp-json\/wp\/v2\/types\/page"}],"author":[{"embeddable":true,"href":"https:\/\/www.grimme-partner.com\/en\/wp-json\/wp\/v2\/users\/1"}],"replies":[{"embeddable":true,"href":"https:\/\/www.grimme-partner.com\/en\/wp-json\/wp\/v2\/comments?post=6"}],"version-history":[{"count":19,"href":"https:\/\/www.grimme-partner.com\/en\/wp-json\/wp\/v2\/pages\/6\/revisions"}],"predecessor-version":[{"id":1763,"href":"https:\/\/www.grimme-partner.com\/en\/wp-json\/wp\/v2\/pages\/6\/revisions\/1763"}],"wp:attachment":[{"href":"https:\/\/www.grimme-partner.com\/en\/wp-json\/wp\/v2\/media?parent=6"}],"curies":[{"name":"wp","href":"https:\/\/api.w.org\/{rel}","templated":true}]}}