{"id":5,"date":"2013-04-17T11:29:22","date_gmt":"2013-04-17T09:29:22","guid":{"rendered":"https:\/\/www.grimme-partner.com\/?page_id=5"},"modified":"2017-06-06T15:06:52","modified_gmt":"2017-06-06T13:06:52","slug":"fuer-wen-arbeiten-grimme-und-partner","status":"publish","type":"page","link":"https:\/\/www.grimme-partner.com\/en\/fuer-wen-arbeiten-grimme-und-partner\/","title":{"rendered":"Who does Grimme &#038; Partner work for?"},"content":{"rendered":"<p>Grimme &amp; Partner work for domestic and foreign Insurers, underwriting agents, insurance brokers, harbour and quayside operating companies, warehouses, hauliers, forwarders, forwarding agents, carriers, owners, charterers, railway companies, security service providers and private individuals.<\/p>","protected":false},"excerpt":{"rendered":"<p>Grimme &amp; Partner work for domestic and foreign Insurers, underwriting agents, insurance brokers, harbour and quayside operating companies, warehouses, hauliers, forwarders, forwarding agents, carriers, owners, charterers, railway companies, security service providers and private individuals.<\/p>\n","protected":false},"author":1,"featured_media":0,"parent":0,"menu_order":21,"comment_status":"closed","ping_status":"closed","template":"","meta":[],"acf":[],"yoast_head":"<!-- This site is optimized with the Yoast SEO plugin v20.0 - https:\/\/yoast.com\/wordpress\/plugins\/seo\/ -->\n<title>F\u00fcr wen arbeiten Grimme &amp; Partner, Anwaltskanzlei, Hamburg?<\/title>\n<meta name=\"description\" content=\"Grimme &amp; seine Partner arbeiten f\u00fcr in- und ausl\u00e4ndische Versicherer, Asscuradeure, Versicherungsmakler, Hafen- und Kaibetriebe, Lagerhalter, Spediteure, Frachtf\u00fchrer, Eisenbahnunternehmen, Sicherheitsdienstleister und Privatpersonen.\" \/>\n<meta name=\"robots\" content=\"index, follow, max-snippet:-1, max-image-preview:large, max-video-preview:-1\" \/>\n<link rel=\"canonical\" href=\"https:\/\/www.grimme-partner.com\/en\/fuer-wen-arbeiten-grimme-und-partner\/\" \/>\n<meta property=\"og:locale\" content=\"en_US\" \/>\n<meta property=\"og:type\" content=\"article\" \/>\n<meta property=\"og:title\" content=\"F\u00fcr wen arbeiten Grimme &amp; Partner, Anwaltskanzlei, Hamburg?\" \/>\n<meta property=\"og:description\" content=\"Grimme &amp; seine Partner arbeiten f\u00fcr in- und ausl\u00e4ndische Versicherer, Asscuradeure, Versicherungsmakler, Hafen- und Kaibetriebe, Lagerhalter, Spediteure, Frachtf\u00fchrer, Eisenbahnunternehmen, Sicherheitsdienstleister und Privatpersonen.\" \/>\n<meta property=\"og:url\" content=\"https:\/\/www.grimme-partner.com\/en\/fuer-wen-arbeiten-grimme-und-partner\/\" \/>\n<meta property=\"og:site_name\" content=\"Grimme &amp; Partner\" \/>\n<meta property=\"article:modified_time\" content=\"2017-06-06T13:06:52+00:00\" \/>\n<meta name=\"twitter:card\" content=\"summary_large_image\" \/>\n<script type=\"application\/ld+json\" class=\"yoast-schema-graph\">{\"@context\":\"https:\/\/schema.org\",\"@graph\":[{\"@type\":\"WebPage\",\"@id\":\"https:\/\/www.grimme-partner.com\/en\/fuer-wen-arbeiten-grimme-und-partner\/\",\"url\":\"https:\/\/www.grimme-partner.com\/en\/fuer-wen-arbeiten-grimme-und-partner\/\",\"name\":\"F\u00fcr wen arbeiten Grimme & Partner, Anwaltskanzlei, Hamburg?\",\"isPartOf\":{\"@id\":\"https:\/\/www.grimme-partner.com\/en\/#website\"},\"datePublished\":\"2013-04-17T09:29:22+00:00\",\"dateModified\":\"2017-06-06T13:06:52+00:00\",\"description\":\"Grimme & seine Partner arbeiten f\u00fcr in- und ausl\u00e4ndische Versicherer, Asscuradeure, Versicherungsmakler, Hafen- und Kaibetriebe, Lagerhalter, Spediteure, Frachtf\u00fchrer, Eisenbahnunternehmen, Sicherheitsdienstleister und Privatpersonen.\",\"breadcrumb\":{\"@id\":\"https:\/\/www.grimme-partner.com\/en\/fuer-wen-arbeiten-grimme-und-partner\/#breadcrumb\"},\"inLanguage\":\"en-US\",\"potentialAction\":[{\"@type\":\"ReadAction\",\"target\":[[\"https:\/\/www.grimme-partner.com\/en\/fuer-wen-arbeiten-grimme-und-partner\/\"]]}]},{\"@type\":\"BreadcrumbList\",\"@id\":\"https:\/\/www.grimme-partner.com\/en\/fuer-wen-arbeiten-grimme-und-partner\/#breadcrumb\",\"itemListElement\":[{\"@type\":\"ListItem\",\"position\":1,\"name\":\"Startseite\",\"item\":\"https:\/\/www.grimme-partner.com\/en\/\"},{\"@type\":\"ListItem\",\"position\":2,\"name\":\"F\u00fcr wen arbeiten Grimme &#038; Partner?\"}]},{\"@type\":\"WebSite\",\"@id\":\"https:\/\/www.grimme-partner.com\/en\/#website\",\"url\":\"https:\/\/www.grimme-partner.com\/en\/\",\"name\":\"Grimme &amp; Partner\",\"description\":\"Lawyers\",\"publisher\":{\"@id\":\"https:\/\/www.grimme-partner.com\/en\/#organization\"},\"potentialAction\":[{\"@type\":\"SearchAction\",\"target\":{\"@type\":\"EntryPoint\",\"urlTemplate\":\"https:\/\/www.grimme-partner.com\/en\/?s={search_term_string}\"},\"query-input\":\"required name=search_term_string\"}],\"inLanguage\":\"en-US\"},{\"@type\":\"Organization\",\"@id\":\"https:\/\/www.grimme-partner.com\/en\/#organization\",\"name\":\"Grimme & Partner\",\"url\":\"https:\/\/www.grimme-partner.com\/en\/\",\"logo\":{\"@type\":\"ImageObject\",\"inLanguage\":\"en-US\",\"@id\":\"https:\/\/www.grimme-partner.com\/en\/#\/schema\/logo\/image\/\",\"url\":\"https:\/\/www.grimme-partner.com\/wp-content\/uploads\/2013\/04\/grimme-und-partner-rechtsanwaelte-logo1.png\",\"contentUrl\":\"https:\/\/www.grimme-partner.com\/wp-content\/uploads\/2013\/04\/grimme-und-partner-rechtsanwaelte-logo1.png\",\"width\":300,\"height\":62,\"caption\":\"Grimme & Partner\"},\"image\":{\"@id\":\"https:\/\/www.grimme-partner.com\/en\/#\/schema\/logo\/image\/\"}}]}<\/script>\n<!-- \/ Yoast SEO plugin. -->","yoast_head_json":{"title":"F\u00fcr wen arbeiten Grimme & Partner, Anwaltskanzlei, Hamburg?","description":"Grimme & seine Partner arbeiten f\u00fcr in- und ausl\u00e4ndische Versicherer, Asscuradeure, Versicherungsmakler, Hafen- und Kaibetriebe, Lagerhalter, Spediteure, Frachtf\u00fchrer, Eisenbahnunternehmen, Sicherheitsdienstleister und Privatpersonen.","robots":{"index":"index","follow":"follow","max-snippet":"max-snippet:-1","max-image-preview":"max-image-preview:large","max-video-preview":"max-video-preview:-1"},"canonical":"https:\/\/www.grimme-partner.com\/en\/fuer-wen-arbeiten-grimme-und-partner\/","og_locale":"en_US","og_type":"article","og_title":"F\u00fcr wen arbeiten Grimme & Partner, Anwaltskanzlei, Hamburg?","og_description":"Grimme & seine Partner arbeiten f\u00fcr in- und ausl\u00e4ndische Versicherer, Asscuradeure, Versicherungsmakler, Hafen- und Kaibetriebe, Lagerhalter, Spediteure, Frachtf\u00fchrer, Eisenbahnunternehmen, Sicherheitsdienstleister und Privatpersonen.","og_url":"https:\/\/www.grimme-partner.com\/en\/fuer-wen-arbeiten-grimme-und-partner\/","og_site_name":"Grimme &amp; Partner","article_modified_time":"2017-06-06T13:06:52+00:00","twitter_card":"summary_large_image","schema":{"@context":"https:\/\/schema.org","@graph":[{"@type":"WebPage","@id":"https:\/\/www.grimme-partner.com\/en\/fuer-wen-arbeiten-grimme-und-partner\/","url":"https:\/\/www.grimme-partner.com\/en\/fuer-wen-arbeiten-grimme-und-partner\/","name":"F\u00fcr wen arbeiten Grimme & Partner, Anwaltskanzlei, Hamburg?","isPartOf":{"@id":"https:\/\/www.grimme-partner.com\/en\/#website"},"datePublished":"2013-04-17T09:29:22+00:00","dateModified":"2017-06-06T13:06:52+00:00","description":"Grimme & seine Partner arbeiten f\u00fcr in- und ausl\u00e4ndische Versicherer, Asscuradeure, Versicherungsmakler, Hafen- und Kaibetriebe, Lagerhalter, Spediteure, Frachtf\u00fchrer, Eisenbahnunternehmen, Sicherheitsdienstleister und Privatpersonen.","breadcrumb":{"@id":"https:\/\/www.grimme-partner.com\/en\/fuer-wen-arbeiten-grimme-und-partner\/#breadcrumb"},"inLanguage":"en-US","potentialAction":[{"@type":"ReadAction","target":[["https:\/\/www.grimme-partner.com\/en\/fuer-wen-arbeiten-grimme-und-partner\/"]]}]},{"@type":"BreadcrumbList","@id":"https:\/\/www.grimme-partner.com\/en\/fuer-wen-arbeiten-grimme-und-partner\/#breadcrumb","itemListElement":[{"@type":"ListItem","position":1,"name":"Startseite","item":"https:\/\/www.grimme-partner.com\/en\/"},{"@type":"ListItem","position":2,"name":"F\u00fcr wen arbeiten Grimme &#038; Partner?"}]},{"@type":"WebSite","@id":"https:\/\/www.grimme-partner.com\/en\/#website","url":"https:\/\/www.grimme-partner.com\/en\/","name":"Grimme &amp; Partner","description":"Lawyers","publisher":{"@id":"https:\/\/www.grimme-partner.com\/en\/#organization"},"potentialAction":[{"@type":"SearchAction","target":{"@type":"EntryPoint","urlTemplate":"https:\/\/www.grimme-partner.com\/en\/?s={search_term_string}"},"query-input":"required name=search_term_string"}],"inLanguage":"en-US"},{"@type":"Organization","@id":"https:\/\/www.grimme-partner.com\/en\/#organization","name":"Grimme & Partner","url":"https:\/\/www.grimme-partner.com\/en\/","logo":{"@type":"ImageObject","inLanguage":"en-US","@id":"https:\/\/www.grimme-partner.com\/en\/#\/schema\/logo\/image\/","url":"https:\/\/www.grimme-partner.com\/wp-content\/uploads\/2013\/04\/grimme-und-partner-rechtsanwaelte-logo1.png","contentUrl":"https:\/\/www.grimme-partner.com\/wp-content\/uploads\/2013\/04\/grimme-und-partner-rechtsanwaelte-logo1.png","width":300,"height":62,"caption":"Grimme & Partner"},"image":{"@id":"https:\/\/www.grimme-partner.com\/en\/#\/schema\/logo\/image\/"}}]}},"_links":{"self":[{"href":"https:\/\/www.grimme-partner.com\/en\/wp-json\/wp\/v2\/pages\/5"}],"collection":[{"href":"https:\/\/www.grimme-partner.com\/en\/wp-json\/wp\/v2\/pages"}],"about":[{"href":"https:\/\/www.grimme-partner.com\/en\/wp-json\/wp\/v2\/types\/page"}],"author":[{"embeddable":true,"href":"https:\/\/www.grimme-partner.com\/en\/wp-json\/wp\/v2\/users\/1"}],"replies":[{"embeddable":true,"href":"https:\/\/www.grimme-partner.com\/en\/wp-json\/wp\/v2\/comments?post=5"}],"version-history":[{"count":34,"href":"https:\/\/www.grimme-partner.com\/en\/wp-json\/wp\/v2\/pages\/5\/revisions"}],"predecessor-version":[{"id":1779,"href":"https:\/\/www.grimme-partner.com\/en\/wp-json\/wp\/v2\/pages\/5\/revisions\/1779"}],"wp:attachment":[{"href":"https:\/\/www.grimme-partner.com\/en\/wp-json\/wp\/v2\/media?parent=5"}],"curies":[{"name":"wp","href":"https:\/\/api.w.org\/{rel}","templated":true}]}}