{"id":478,"date":"2013-06-20T12:59:01","date_gmt":"2013-06-20T10:59:01","guid":{"rendered":"https:\/\/www.grimme-partner.com\/?page_id=478"},"modified":"2017-06-06T15:14:32","modified_gmt":"2017-06-06T13:14:32","slug":"newsletter-2006","status":"publish","type":"page","link":"https:\/\/www.grimme-partner.com\/en\/newsletter\/newsletter-2006\/","title":{"rendered":"Newsletter 2006"},"content":{"rendered":"<p><\/p>\n<p style=\"text-align: left;\"><span class=\"arrowLink\"><a href=\"https:\/\/www.grimme-partner.com\/wp-content\/uploads\/2013\/04\/05_2006.pdf\" target=\"_blank\">Newsletter 05\/2006<\/a><\/span><\/p>\n<p style=\"text-align: left;\"><span class=\"arrowLink\"><a href=\"https:\/\/www.grimme-partner.com\/wp-content\/uploads\/2013\/04\/04_2006.pdf\" target=\"_blank\">Newsletter 04\/2006<\/a><\/span><\/p>\n<p style=\"text-align: left;\"><span class=\"arrowLink\"><a href=\"https:\/\/www.grimme-partner.com\/wp-content\/uploads\/2013\/04\/03_2006.pdf\" target=\"_blank\">Newsletter 03\/2006<\/a><\/span><\/p>\n<p style=\"text-align: left;\"><span class=\"arrowLink\"><a href=\"https:\/\/www.grimme-partner.com\/wp-content\/uploads\/2013\/04\/02_2006.pdf\" target=\"_blank\">Newsletter 02\/2006<\/a><\/span><\/p>\n<p><strong>Newsletter 01\/2006<\/strong><\/p>\n<ul>\n<li>Speditionsvertr\u00e4ge im Ausland im Verh\u00e4ltnis zu \u00a7\u00a7 459 f. HGB<br \/>\n(Fixkosten \/ Sammelladungspedition)<\/li>\n<li>Umschlagst\u00e4tigkeiten bei Multimodalvertr\u00e4gen<\/li>\n<li>Vertragsstaaten des montrealer \u00dcbereinkommens (M\u00dc)<\/li>\n<li>Zum Stand der Dinge hinsichtlich der Umsetzung der Versicherungsvermittler-Richtlinie<\/li>\n<li>Der Einfluss der Streitverk\u00fcndung auf den Lauf der zweij\u00e4hrigen Klagefrist gem\u00e4\u00df Art. 29 WA<\/li>\n<li>Mitverschulden wegen unterlassener Wertdeklaration<\/li>\n<li>Zur Zul\u00e4ssigkeit von abgegebene Paketlieferungen an dritte Empf\u00e4nger<\/li>\n<\/ul>\n<p style=\"text-align: right;\"><span class=\"arrowLink\"><a href=\"https:\/\/www.grimme-partner.com\/wp-content\/uploads\/2013\/04\/01_2006.pdf\" target=\"_blank\">download Newsletter 01\/2006<br \/>\n<\/a><\/span><\/p>\n<p><strong>Newsletter 03\/2005<\/strong><\/p>\n<ul>\n<li>Art. 29 CMR und die Nichtbefolgung von Weisungen durch den Frachtf\u00fchrer; gleichzeitig zur Haftung des Frachtf\u00fchrers bei unterlassener Wertdeklaration<\/li>\n<li>Aussetzung des Verfahrens in Deutschland wegen anderweitiger Rechtsh\u00e4ngigkeit im Ausland<\/li>\n<li>\u00dcber die Zustellung von Paketsendungen bei Abwesenheit des Empf\u00e4ngers<\/li>\n<li>Die Entwicklung der \u00d6sterreichischen Rechtsprechung zum Groben Organisationsverschulden &#8211; eine Kehrtwende zu Gunsten des Frachtf\u00fchrers!<\/li>\n<\/ul>\n<p style=\"text-align: right;\"><span class=\"arrowLink\"><a href=\"https:\/\/www.grimme-partner.com\/wp-content\/uploads\/2013\/04\/03_2005.pdf\" target=\"_blank\">download Newsletter 03\/2005<\/a><\/span><\/p>\n<p><\/p>","protected":false},"excerpt":{"rendered":"<p>Newsletter 05\/2006 Newsletter 04\/2006 Newsletter 03\/2006 Newsletter 02\/2006 Newsletter 01\/2006 Speditionsvertr\u00e4ge im Ausland im Verh\u00e4ltnis zu \u00a7\u00a7 459 f. HGB (Fixkosten \/ Sammelladungspedition) Umschlagst\u00e4tigkeiten bei Multimodalvertr\u00e4gen Vertragsstaaten des montrealer \u00dcbereinkommens (M\u00dc) Zum Stand der Dinge hinsichtlich der Umsetzung der Versicherungsvermittler-Richtlinie Der Einfluss der Streitverk\u00fcndung auf den Lauf der zweij\u00e4hrigen Klagefrist gem\u00e4\u00df Art. 29 WA Mitverschulden [&hellip;]<\/p>\n","protected":false},"author":2,"featured_media":1184,"parent":9,"menu_order":21,"comment_status":"closed","ping_status":"closed","template":"","meta":[],"acf":[],"yoast_head":"<!-- This site is optimized with the Yoast SEO plugin v20.0 - https:\/\/yoast.com\/wordpress\/plugins\/seo\/ -->\n<title>Grimme &amp; Partner Rechtsanw\u00e4lte, Hamburg, Newsletter 2006<\/title>\n<meta name=\"description\" content=\"Grimme &amp; Partner Rechtsanw\u00e4lte, Hamburg, Newsletter 2006\" \/>\n<meta name=\"robots\" content=\"index, follow, max-snippet:-1, max-image-preview:large, max-video-preview:-1\" \/>\n<link rel=\"canonical\" href=\"https:\/\/www.grimme-partner.com\/en\/newsletter\/newsletter-2006\/\" \/>\n<meta property=\"og:locale\" content=\"en_US\" \/>\n<meta property=\"og:type\" content=\"article\" \/>\n<meta property=\"og:title\" content=\"Grimme &amp; Partner Rechtsanw\u00e4lte, Hamburg, Newsletter 2006\" \/>\n<meta property=\"og:description\" content=\"Grimme &amp; Partner Rechtsanw\u00e4lte, Hamburg, Newsletter 2006\" \/>\n<meta property=\"og:url\" content=\"https:\/\/www.grimme-partner.com\/en\/newsletter\/newsletter-2006\/\" \/>\n<meta property=\"og:site_name\" content=\"Grimme &amp; Partner\" \/>\n<meta property=\"article:modified_time\" content=\"2017-06-06T13:14:32+00:00\" \/>\n<meta property=\"og:image\" content=\"https:\/\/www.grimme-partner.com\/wp-content\/uploads\/2013\/09\/presse-e1382518879182.jpg\" \/>\n\t<meta property=\"og:image:width\" content=\"1039\" \/>\n\t<meta property=\"og:image:height\" content=\"699\" \/>\n\t<meta property=\"og:image:type\" content=\"image\/jpeg\" \/>\n<meta name=\"twitter:card\" content=\"summary_large_image\" \/>\n<meta name=\"twitter:label1\" content=\"Est. reading time\" \/>\n\t<meta name=\"twitter:data1\" content=\"1 minute\" \/>\n<script type=\"application\/ld+json\" class=\"yoast-schema-graph\">{\"@context\":\"https:\/\/schema.org\",\"@graph\":[{\"@type\":\"WebPage\",\"@id\":\"https:\/\/www.grimme-partner.com\/en\/newsletter\/newsletter-2006\/\",\"url\":\"https:\/\/www.grimme-partner.com\/en\/newsletter\/newsletter-2006\/\",\"name\":\"Grimme & Partner Rechtsanw\u00e4lte, Hamburg, Newsletter 2006\",\"isPartOf\":{\"@id\":\"https:\/\/www.grimme-partner.com\/en\/#website\"},\"datePublished\":\"2013-06-20T10:59:01+00:00\",\"dateModified\":\"2017-06-06T13:14:32+00:00\",\"description\":\"Grimme & Partner Rechtsanw\u00e4lte, Hamburg, Newsletter 2006\",\"breadcrumb\":{\"@id\":\"https:\/\/www.grimme-partner.com\/en\/newsletter\/newsletter-2006\/#breadcrumb\"},\"inLanguage\":\"en-US\",\"potentialAction\":[{\"@type\":\"ReadAction\",\"target\":[[\"https:\/\/www.grimme-partner.com\/en\/newsletter\/newsletter-2006\/\"]]}]},{\"@type\":\"BreadcrumbList\",\"@id\":\"https:\/\/www.grimme-partner.com\/en\/newsletter\/newsletter-2006\/#breadcrumb\",\"itemListElement\":[{\"@type\":\"ListItem\",\"position\":1,\"name\":\"Startseite\",\"item\":\"https:\/\/www.grimme-partner.com\/en\/\"},{\"@type\":\"ListItem\",\"position\":2,\"name\":\"Newsletter\",\"item\":\"https:\/\/www.grimme-partner.com\/en\/newsletter\/\"},{\"@type\":\"ListItem\",\"position\":3,\"name\":\"Newsletter 2006\"}]},{\"@type\":\"WebSite\",\"@id\":\"https:\/\/www.grimme-partner.com\/en\/#website\",\"url\":\"https:\/\/www.grimme-partner.com\/en\/\",\"name\":\"Grimme &amp; Partner\",\"description\":\"Lawyers\",\"publisher\":{\"@id\":\"https:\/\/www.grimme-partner.com\/en\/#organization\"},\"potentialAction\":[{\"@type\":\"SearchAction\",\"target\":{\"@type\":\"EntryPoint\",\"urlTemplate\":\"https:\/\/www.grimme-partner.com\/en\/?s={search_term_string}\"},\"query-input\":\"required name=search_term_string\"}],\"inLanguage\":\"en-US\"},{\"@type\":\"Organization\",\"@id\":\"https:\/\/www.grimme-partner.com\/en\/#organization\",\"name\":\"Grimme & Partner\",\"url\":\"https:\/\/www.grimme-partner.com\/en\/\",\"logo\":{\"@type\":\"ImageObject\",\"inLanguage\":\"en-US\",\"@id\":\"https:\/\/www.grimme-partner.com\/en\/#\/schema\/logo\/image\/\",\"url\":\"https:\/\/www.grimme-partner.com\/wp-content\/uploads\/2013\/04\/grimme-und-partner-rechtsanwaelte-logo1.png\",\"contentUrl\":\"https:\/\/www.grimme-partner.com\/wp-content\/uploads\/2013\/04\/grimme-und-partner-rechtsanwaelte-logo1.png\",\"width\":300,\"height\":62,\"caption\":\"Grimme & Partner\"},\"image\":{\"@id\":\"https:\/\/www.grimme-partner.com\/en\/#\/schema\/logo\/image\/\"}}]}<\/script>\n<!-- \/ Yoast SEO plugin. -->","yoast_head_json":{"title":"Grimme & Partner Rechtsanw\u00e4lte, Hamburg, Newsletter 2006","description":"Grimme & Partner Rechtsanw\u00e4lte, Hamburg, Newsletter 2006","robots":{"index":"index","follow":"follow","max-snippet":"max-snippet:-1","max-image-preview":"max-image-preview:large","max-video-preview":"max-video-preview:-1"},"canonical":"https:\/\/www.grimme-partner.com\/en\/newsletter\/newsletter-2006\/","og_locale":"en_US","og_type":"article","og_title":"Grimme & Partner Rechtsanw\u00e4lte, Hamburg, Newsletter 2006","og_description":"Grimme & Partner Rechtsanw\u00e4lte, Hamburg, Newsletter 2006","og_url":"https:\/\/www.grimme-partner.com\/en\/newsletter\/newsletter-2006\/","og_site_name":"Grimme &amp; Partner","article_modified_time":"2017-06-06T13:14:32+00:00","og_image":[{"width":1039,"height":699,"url":"https:\/\/www.grimme-partner.com\/wp-content\/uploads\/2013\/09\/presse-e1382518879182.jpg","type":"image\/jpeg"}],"twitter_card":"summary_large_image","twitter_misc":{"Est. reading time":"1 minute"},"schema":{"@context":"https:\/\/schema.org","@graph":[{"@type":"WebPage","@id":"https:\/\/www.grimme-partner.com\/en\/newsletter\/newsletter-2006\/","url":"https:\/\/www.grimme-partner.com\/en\/newsletter\/newsletter-2006\/","name":"Grimme & Partner Rechtsanw\u00e4lte, Hamburg, Newsletter 2006","isPartOf":{"@id":"https:\/\/www.grimme-partner.com\/en\/#website"},"datePublished":"2013-06-20T10:59:01+00:00","dateModified":"2017-06-06T13:14:32+00:00","description":"Grimme & Partner Rechtsanw\u00e4lte, Hamburg, Newsletter 2006","breadcrumb":{"@id":"https:\/\/www.grimme-partner.com\/en\/newsletter\/newsletter-2006\/#breadcrumb"},"inLanguage":"en-US","potentialAction":[{"@type":"ReadAction","target":[["https:\/\/www.grimme-partner.com\/en\/newsletter\/newsletter-2006\/"]]}]},{"@type":"BreadcrumbList","@id":"https:\/\/www.grimme-partner.com\/en\/newsletter\/newsletter-2006\/#breadcrumb","itemListElement":[{"@type":"ListItem","position":1,"name":"Startseite","item":"https:\/\/www.grimme-partner.com\/en\/"},{"@type":"ListItem","position":2,"name":"Newsletter","item":"https:\/\/www.grimme-partner.com\/en\/newsletter\/"},{"@type":"ListItem","position":3,"name":"Newsletter 2006"}]},{"@type":"WebSite","@id":"https:\/\/www.grimme-partner.com\/en\/#website","url":"https:\/\/www.grimme-partner.com\/en\/","name":"Grimme &amp; Partner","description":"Lawyers","publisher":{"@id":"https:\/\/www.grimme-partner.com\/en\/#organization"},"potentialAction":[{"@type":"SearchAction","target":{"@type":"EntryPoint","urlTemplate":"https:\/\/www.grimme-partner.com\/en\/?s={search_term_string}"},"query-input":"required name=search_term_string"}],"inLanguage":"en-US"},{"@type":"Organization","@id":"https:\/\/www.grimme-partner.com\/en\/#organization","name":"Grimme & Partner","url":"https:\/\/www.grimme-partner.com\/en\/","logo":{"@type":"ImageObject","inLanguage":"en-US","@id":"https:\/\/www.grimme-partner.com\/en\/#\/schema\/logo\/image\/","url":"https:\/\/www.grimme-partner.com\/wp-content\/uploads\/2013\/04\/grimme-und-partner-rechtsanwaelte-logo1.png","contentUrl":"https:\/\/www.grimme-partner.com\/wp-content\/uploads\/2013\/04\/grimme-und-partner-rechtsanwaelte-logo1.png","width":300,"height":62,"caption":"Grimme & Partner"},"image":{"@id":"https:\/\/www.grimme-partner.com\/en\/#\/schema\/logo\/image\/"}}]}},"_links":{"self":[{"href":"https:\/\/www.grimme-partner.com\/en\/wp-json\/wp\/v2\/pages\/478"}],"collection":[{"href":"https:\/\/www.grimme-partner.com\/en\/wp-json\/wp\/v2\/pages"}],"about":[{"href":"https:\/\/www.grimme-partner.com\/en\/wp-json\/wp\/v2\/types\/page"}],"author":[{"embeddable":true,"href":"https:\/\/www.grimme-partner.com\/en\/wp-json\/wp\/v2\/users\/2"}],"replies":[{"embeddable":true,"href":"https:\/\/www.grimme-partner.com\/en\/wp-json\/wp\/v2\/comments?post=478"}],"version-history":[{"count":10,"href":"https:\/\/www.grimme-partner.com\/en\/wp-json\/wp\/v2\/pages\/478\/revisions"}],"predecessor-version":[{"id":1792,"href":"https:\/\/www.grimme-partner.com\/en\/wp-json\/wp\/v2\/pages\/478\/revisions\/1792"}],"up":[{"embeddable":true,"href":"https:\/\/www.grimme-partner.com\/en\/wp-json\/wp\/v2\/pages\/9"}],"wp:featuredmedia":[{"embeddable":true,"href":"https:\/\/www.grimme-partner.com\/en\/wp-json\/wp\/v2\/media\/1184"}],"wp:attachment":[{"href":"https:\/\/www.grimme-partner.com\/en\/wp-json\/wp\/v2\/media?parent=478"}],"curies":[{"name":"wp","href":"https:\/\/api.w.org\/{rel}","templated":true}]}}