{"id":46,"date":"2013-04-17T12:40:54","date_gmt":"2013-04-17T10:40:54","guid":{"rendered":"https:\/\/www.grimme-partner.com\/?page_id=46"},"modified":"2017-06-06T14:30:34","modified_gmt":"2017-06-06T12:30:34","slug":"transportrecht","status":"publish","type":"page","link":"https:\/\/www.grimme-partner.com\/en\/was-tun-grimme-und-partner\/transportrecht\/","title":{"rendered":"Transport"},"content":{"rendered":"<p>We handle every kind of transport damage whether caused on land, sea or air and regardless the kind of goods (home electronics, personal effects, luggage, medications, fruit, steel, meat, securities etc.)<\/p>\n<p>When representing cargo interests or their insurers, it is our task to lead the recourse actions for the damages caused during transport. By doing so it is our aim to break through the statutory limitations of liability. Equally we fend off said recourse actions when representing carriers, forwarders, their insurers or their underwriting agents.<\/p>\n<p>&nbsp;<\/p>\n<p>&nbsp;<\/p>","protected":false},"excerpt":{"rendered":"<p>We handle every kind of transport damage whether caused on land, sea or air and regardless the kind of goods (home electronics, personal effects, luggage, medications, fruit, steel, meat, securities etc.) When representing cargo interests or their insurers, it is our task to lead the recourse actions for the damages caused during transport. By doing [&hellip;]<\/p>\n","protected":false},"author":1,"featured_media":1111,"parent":4,"menu_order":0,"comment_status":"closed","ping_status":"closed","template":"","meta":[],"acf":[],"yoast_head":"<!-- This site is optimized with the Yoast SEO plugin v20.0 - https:\/\/yoast.com\/wordpress\/plugins\/seo\/ -->\n<title>Rechtsanw\u00e4lte in Hamburg, Schwerpunkt Transportrecht<\/title>\n<meta name=\"description\" content=\"Grimme &amp; Partner, Rechtsanw\u00e4lte in Hamburg, Schwerpunkt Transportrecht: Wir bearbeiten jedwede Art von Transportsch\u00e4den, gleich, ob zu Lande, auf dem Wasser oder in der Luft.\" \/>\n<meta name=\"robots\" content=\"index, follow, max-snippet:-1, max-image-preview:large, max-video-preview:-1\" \/>\n<link rel=\"canonical\" href=\"https:\/\/www.grimme-partner.com\/en\/was-tun-grimme-und-partner\/transportrecht\/\" \/>\n<meta property=\"og:locale\" content=\"en_US\" \/>\n<meta property=\"og:type\" content=\"article\" \/>\n<meta property=\"og:title\" content=\"Rechtsanw\u00e4lte in Hamburg, Schwerpunkt Transportrecht\" \/>\n<meta property=\"og:description\" content=\"Grimme &amp; Partner, Rechtsanw\u00e4lte in Hamburg, Schwerpunkt Transportrecht: Wir bearbeiten jedwede Art von Transportsch\u00e4den, gleich, ob zu Lande, auf dem Wasser oder in der Luft.\" \/>\n<meta property=\"og:url\" content=\"https:\/\/www.grimme-partner.com\/en\/was-tun-grimme-und-partner\/transportrecht\/\" \/>\n<meta property=\"og:site_name\" content=\"Grimme &amp; Partner\" \/>\n<meta property=\"article:modified_time\" content=\"2017-06-06T12:30:34+00:00\" \/>\n<meta property=\"og:image\" content=\"https:\/\/www.grimme-partner.com\/wp-content\/uploads\/2013\/10\/transport1.jpg\" \/>\n\t<meta property=\"og:image:width\" content=\"1040\" \/>\n\t<meta property=\"og:image:height\" content=\"600\" \/>\n\t<meta property=\"og:image:type\" content=\"image\/jpeg\" \/>\n<meta name=\"twitter:card\" content=\"summary_large_image\" \/>\n<meta name=\"twitter:label1\" content=\"Est. reading time\" \/>\n\t<meta name=\"twitter:data1\" content=\"1 minute\" \/>\n<script type=\"application\/ld+json\" class=\"yoast-schema-graph\">{\"@context\":\"https:\/\/schema.org\",\"@graph\":[{\"@type\":\"WebPage\",\"@id\":\"https:\/\/www.grimme-partner.com\/en\/was-tun-grimme-und-partner\/transportrecht\/\",\"url\":\"https:\/\/www.grimme-partner.com\/en\/was-tun-grimme-und-partner\/transportrecht\/\",\"name\":\"Rechtsanw\u00e4lte in Hamburg, Schwerpunkt Transportrecht\",\"isPartOf\":{\"@id\":\"https:\/\/www.grimme-partner.com\/en\/#website\"},\"datePublished\":\"2013-04-17T10:40:54+00:00\",\"dateModified\":\"2017-06-06T12:30:34+00:00\",\"description\":\"Grimme & Partner, Rechtsanw\u00e4lte in Hamburg, Schwerpunkt Transportrecht: Wir bearbeiten jedwede Art von Transportsch\u00e4den, gleich, ob zu Lande, auf dem Wasser oder in der Luft.\",\"breadcrumb\":{\"@id\":\"https:\/\/www.grimme-partner.com\/en\/was-tun-grimme-und-partner\/transportrecht\/#breadcrumb\"},\"inLanguage\":\"en-US\",\"potentialAction\":[{\"@type\":\"ReadAction\",\"target\":[[\"https:\/\/www.grimme-partner.com\/en\/was-tun-grimme-und-partner\/transportrecht\/\"]]}]},{\"@type\":\"BreadcrumbList\",\"@id\":\"https:\/\/www.grimme-partner.com\/en\/was-tun-grimme-und-partner\/transportrecht\/#breadcrumb\",\"itemListElement\":[{\"@type\":\"ListItem\",\"position\":1,\"name\":\"Startseite\",\"item\":\"https:\/\/www.grimme-partner.com\/en\/\"},{\"@type\":\"ListItem\",\"position\":2,\"name\":\"Was tun Grimme &#038; Partner?\",\"item\":\"https:\/\/www.grimme-partner.com\/en\/was-tun-grimme-und-partner\/\"},{\"@type\":\"ListItem\",\"position\":3,\"name\":\"Transport\"}]},{\"@type\":\"WebSite\",\"@id\":\"https:\/\/www.grimme-partner.com\/en\/#website\",\"url\":\"https:\/\/www.grimme-partner.com\/en\/\",\"name\":\"Grimme &amp; Partner\",\"description\":\"Lawyers\",\"publisher\":{\"@id\":\"https:\/\/www.grimme-partner.com\/en\/#organization\"},\"potentialAction\":[{\"@type\":\"SearchAction\",\"target\":{\"@type\":\"EntryPoint\",\"urlTemplate\":\"https:\/\/www.grimme-partner.com\/en\/?s={search_term_string}\"},\"query-input\":\"required name=search_term_string\"}],\"inLanguage\":\"en-US\"},{\"@type\":\"Organization\",\"@id\":\"https:\/\/www.grimme-partner.com\/en\/#organization\",\"name\":\"Grimme & Partner\",\"url\":\"https:\/\/www.grimme-partner.com\/en\/\",\"logo\":{\"@type\":\"ImageObject\",\"inLanguage\":\"en-US\",\"@id\":\"https:\/\/www.grimme-partner.com\/en\/#\/schema\/logo\/image\/\",\"url\":\"https:\/\/www.grimme-partner.com\/wp-content\/uploads\/2013\/04\/grimme-und-partner-rechtsanwaelte-logo1.png\",\"contentUrl\":\"https:\/\/www.grimme-partner.com\/wp-content\/uploads\/2013\/04\/grimme-und-partner-rechtsanwaelte-logo1.png\",\"width\":300,\"height\":62,\"caption\":\"Grimme & Partner\"},\"image\":{\"@id\":\"https:\/\/www.grimme-partner.com\/en\/#\/schema\/logo\/image\/\"}}]}<\/script>\n<!-- \/ Yoast SEO plugin. -->","yoast_head_json":{"title":"Rechtsanw\u00e4lte in Hamburg, Schwerpunkt Transportrecht","description":"Grimme & Partner, Rechtsanw\u00e4lte in Hamburg, Schwerpunkt Transportrecht: Wir bearbeiten jedwede Art von Transportsch\u00e4den, gleich, ob zu Lande, auf dem Wasser oder in der Luft.","robots":{"index":"index","follow":"follow","max-snippet":"max-snippet:-1","max-image-preview":"max-image-preview:large","max-video-preview":"max-video-preview:-1"},"canonical":"https:\/\/www.grimme-partner.com\/en\/was-tun-grimme-und-partner\/transportrecht\/","og_locale":"en_US","og_type":"article","og_title":"Rechtsanw\u00e4lte in Hamburg, Schwerpunkt Transportrecht","og_description":"Grimme & Partner, Rechtsanw\u00e4lte in Hamburg, Schwerpunkt Transportrecht: Wir bearbeiten jedwede Art von Transportsch\u00e4den, gleich, ob zu Lande, auf dem Wasser oder in der Luft.","og_url":"https:\/\/www.grimme-partner.com\/en\/was-tun-grimme-und-partner\/transportrecht\/","og_site_name":"Grimme &amp; Partner","article_modified_time":"2017-06-06T12:30:34+00:00","og_image":[{"width":1040,"height":600,"url":"https:\/\/www.grimme-partner.com\/wp-content\/uploads\/2013\/10\/transport1.jpg","type":"image\/jpeg"}],"twitter_card":"summary_large_image","twitter_misc":{"Est. reading time":"1 minute"},"schema":{"@context":"https:\/\/schema.org","@graph":[{"@type":"WebPage","@id":"https:\/\/www.grimme-partner.com\/en\/was-tun-grimme-und-partner\/transportrecht\/","url":"https:\/\/www.grimme-partner.com\/en\/was-tun-grimme-und-partner\/transportrecht\/","name":"Rechtsanw\u00e4lte in Hamburg, Schwerpunkt Transportrecht","isPartOf":{"@id":"https:\/\/www.grimme-partner.com\/en\/#website"},"datePublished":"2013-04-17T10:40:54+00:00","dateModified":"2017-06-06T12:30:34+00:00","description":"Grimme & Partner, Rechtsanw\u00e4lte in Hamburg, Schwerpunkt Transportrecht: Wir bearbeiten jedwede Art von Transportsch\u00e4den, gleich, ob zu Lande, auf dem Wasser oder in der Luft.","breadcrumb":{"@id":"https:\/\/www.grimme-partner.com\/en\/was-tun-grimme-und-partner\/transportrecht\/#breadcrumb"},"inLanguage":"en-US","potentialAction":[{"@type":"ReadAction","target":[["https:\/\/www.grimme-partner.com\/en\/was-tun-grimme-und-partner\/transportrecht\/"]]}]},{"@type":"BreadcrumbList","@id":"https:\/\/www.grimme-partner.com\/en\/was-tun-grimme-und-partner\/transportrecht\/#breadcrumb","itemListElement":[{"@type":"ListItem","position":1,"name":"Startseite","item":"https:\/\/www.grimme-partner.com\/en\/"},{"@type":"ListItem","position":2,"name":"Was tun Grimme &#038; Partner?","item":"https:\/\/www.grimme-partner.com\/en\/was-tun-grimme-und-partner\/"},{"@type":"ListItem","position":3,"name":"Transport"}]},{"@type":"WebSite","@id":"https:\/\/www.grimme-partner.com\/en\/#website","url":"https:\/\/www.grimme-partner.com\/en\/","name":"Grimme &amp; Partner","description":"Lawyers","publisher":{"@id":"https:\/\/www.grimme-partner.com\/en\/#organization"},"potentialAction":[{"@type":"SearchAction","target":{"@type":"EntryPoint","urlTemplate":"https:\/\/www.grimme-partner.com\/en\/?s={search_term_string}"},"query-input":"required name=search_term_string"}],"inLanguage":"en-US"},{"@type":"Organization","@id":"https:\/\/www.grimme-partner.com\/en\/#organization","name":"Grimme & Partner","url":"https:\/\/www.grimme-partner.com\/en\/","logo":{"@type":"ImageObject","inLanguage":"en-US","@id":"https:\/\/www.grimme-partner.com\/en\/#\/schema\/logo\/image\/","url":"https:\/\/www.grimme-partner.com\/wp-content\/uploads\/2013\/04\/grimme-und-partner-rechtsanwaelte-logo1.png","contentUrl":"https:\/\/www.grimme-partner.com\/wp-content\/uploads\/2013\/04\/grimme-und-partner-rechtsanwaelte-logo1.png","width":300,"height":62,"caption":"Grimme & Partner"},"image":{"@id":"https:\/\/www.grimme-partner.com\/en\/#\/schema\/logo\/image\/"}}]}},"_links":{"self":[{"href":"https:\/\/www.grimme-partner.com\/en\/wp-json\/wp\/v2\/pages\/46"}],"collection":[{"href":"https:\/\/www.grimme-partner.com\/en\/wp-json\/wp\/v2\/pages"}],"about":[{"href":"https:\/\/www.grimme-partner.com\/en\/wp-json\/wp\/v2\/types\/page"}],"author":[{"embeddable":true,"href":"https:\/\/www.grimme-partner.com\/en\/wp-json\/wp\/v2\/users\/1"}],"replies":[{"embeddable":true,"href":"https:\/\/www.grimme-partner.com\/en\/wp-json\/wp\/v2\/comments?post=46"}],"version-history":[{"count":36,"href":"https:\/\/www.grimme-partner.com\/en\/wp-json\/wp\/v2\/pages\/46\/revisions"}],"predecessor-version":[{"id":1753,"href":"https:\/\/www.grimme-partner.com\/en\/wp-json\/wp\/v2\/pages\/46\/revisions\/1753"}],"up":[{"embeddable":true,"href":"https:\/\/www.grimme-partner.com\/en\/wp-json\/wp\/v2\/pages\/4"}],"wp:featuredmedia":[{"embeddable":true,"href":"https:\/\/www.grimme-partner.com\/en\/wp-json\/wp\/v2\/media\/1111"}],"wp:attachment":[{"href":"https:\/\/www.grimme-partner.com\/en\/wp-json\/wp\/v2\/media?parent=46"}],"curies":[{"name":"wp","href":"https:\/\/api.w.org\/{rel}","templated":true}]}}