{"id":45,"date":"2013-04-17T12:43:12","date_gmt":"2013-04-17T10:43:12","guid":{"rendered":"https:\/\/www.grimme-partner.com\/?page_id=45"},"modified":"2017-06-06T14:28:07","modified_gmt":"2017-06-06T12:28:07","slug":"spedition","status":"publish","type":"page","link":"https:\/\/www.grimme-partner.com\/en\/was-tun-grimme-und-partner\/spedition\/","title":{"rendered":"Forwarding"},"content":{"rendered":"<p>We recover outstanding freight for forwarders and carriers. In the event of a damage we deal with the recourse action against the responsible subcontractor\/their transport liability insurer, fend off claims brought forward by the cargo interests, review insurance policies and enforce coverage claims against the insurers.<\/p>\n<p>Furthermore we provide legal advice on and represent in administrative offence proceedings (e.g. violation of statutory driving time requirements, exceeding of the permitted weights), traffic collisions, non- or faulty discharge of customs documents and much more.<\/p>\n<p>&nbsp;<\/p>\n<p>&nbsp;<\/p>\n<p>&nbsp;<\/p>","protected":false},"excerpt":{"rendered":"<p>We recover outstanding freight for forwarders and carriers. In the event of a damage we deal with the recourse action against the responsible subcontractor\/their transport liability insurer, fend off claims brought forward by the cargo interests, review insurance policies and enforce coverage claims against the insurers. Furthermore we provide legal advice on and represent in [&hellip;]<\/p>\n","protected":false},"author":1,"featured_media":1057,"parent":4,"menu_order":2,"comment_status":"closed","ping_status":"closed","template":"","meta":[],"acf":[],"yoast_head":"<!-- This site is optimized with the Yoast SEO plugin v20.0 - https:\/\/yoast.com\/wordpress\/plugins\/seo\/ -->\n<title>Rechtsanw\u00e4lte in Hamburg, Transportrecht, Spedition<\/title>\n<meta name=\"description\" content=\"Rechtsanw\u00e4lte in Hamburg, Schwerpunkt Transportrecht und Spedition. F\u00fcr Spediteure \/ Frachtf\u00fchrer treiben wir ausstehende Frachten bei.\" \/>\n<meta name=\"robots\" content=\"index, follow, max-snippet:-1, max-image-preview:large, max-video-preview:-1\" \/>\n<link rel=\"canonical\" href=\"https:\/\/www.grimme-partner.com\/en\/was-tun-grimme-und-partner\/spedition\/\" \/>\n<meta property=\"og:locale\" content=\"en_US\" \/>\n<meta property=\"og:type\" content=\"article\" \/>\n<meta property=\"og:title\" content=\"Rechtsanw\u00e4lte in Hamburg, Transportrecht, Spedition\" \/>\n<meta property=\"og:description\" content=\"Rechtsanw\u00e4lte in Hamburg, Schwerpunkt Transportrecht und Spedition. F\u00fcr Spediteure \/ Frachtf\u00fchrer treiben wir ausstehende Frachten bei.\" \/>\n<meta property=\"og:url\" content=\"https:\/\/www.grimme-partner.com\/en\/was-tun-grimme-und-partner\/spedition\/\" \/>\n<meta property=\"og:site_name\" content=\"Grimme &amp; Partner\" \/>\n<meta property=\"article:modified_time\" content=\"2017-06-06T12:28:07+00:00\" \/>\n<meta property=\"og:image\" content=\"https:\/\/www.grimme-partner.com\/wp-content\/uploads\/2013\/04\/spedition_HG1.jpg\" \/>\n\t<meta property=\"og:image:width\" content=\"1040\" \/>\n\t<meta property=\"og:image:height\" content=\"700\" \/>\n\t<meta property=\"og:image:type\" content=\"image\/jpeg\" \/>\n<meta name=\"twitter:card\" content=\"summary_large_image\" \/>\n<meta name=\"twitter:label1\" content=\"Est. reading time\" \/>\n\t<meta name=\"twitter:data1\" content=\"1 minute\" \/>\n<script type=\"application\/ld+json\" class=\"yoast-schema-graph\">{\"@context\":\"https:\/\/schema.org\",\"@graph\":[{\"@type\":\"WebPage\",\"@id\":\"https:\/\/www.grimme-partner.com\/en\/was-tun-grimme-und-partner\/spedition\/\",\"url\":\"https:\/\/www.grimme-partner.com\/en\/was-tun-grimme-und-partner\/spedition\/\",\"name\":\"Rechtsanw\u00e4lte in Hamburg, Transportrecht, Spedition\",\"isPartOf\":{\"@id\":\"https:\/\/www.grimme-partner.com\/en\/#website\"},\"datePublished\":\"2013-04-17T10:43:12+00:00\",\"dateModified\":\"2017-06-06T12:28:07+00:00\",\"description\":\"Rechtsanw\u00e4lte in Hamburg, Schwerpunkt Transportrecht und Spedition. F\u00fcr Spediteure \/ Frachtf\u00fchrer treiben wir ausstehende Frachten bei.\",\"breadcrumb\":{\"@id\":\"https:\/\/www.grimme-partner.com\/en\/was-tun-grimme-und-partner\/spedition\/#breadcrumb\"},\"inLanguage\":\"en-US\",\"potentialAction\":[{\"@type\":\"ReadAction\",\"target\":[[\"https:\/\/www.grimme-partner.com\/en\/was-tun-grimme-und-partner\/spedition\/\"]]}]},{\"@type\":\"BreadcrumbList\",\"@id\":\"https:\/\/www.grimme-partner.com\/en\/was-tun-grimme-und-partner\/spedition\/#breadcrumb\",\"itemListElement\":[{\"@type\":\"ListItem\",\"position\":1,\"name\":\"Startseite\",\"item\":\"https:\/\/www.grimme-partner.com\/en\/\"},{\"@type\":\"ListItem\",\"position\":2,\"name\":\"Was tun Grimme &#038; Partner?\",\"item\":\"https:\/\/www.grimme-partner.com\/en\/was-tun-grimme-und-partner\/\"},{\"@type\":\"ListItem\",\"position\":3,\"name\":\"Spedition\"}]},{\"@type\":\"WebSite\",\"@id\":\"https:\/\/www.grimme-partner.com\/en\/#website\",\"url\":\"https:\/\/www.grimme-partner.com\/en\/\",\"name\":\"Grimme &amp; Partner\",\"description\":\"Lawyers\",\"publisher\":{\"@id\":\"https:\/\/www.grimme-partner.com\/en\/#organization\"},\"potentialAction\":[{\"@type\":\"SearchAction\",\"target\":{\"@type\":\"EntryPoint\",\"urlTemplate\":\"https:\/\/www.grimme-partner.com\/en\/?s={search_term_string}\"},\"query-input\":\"required name=search_term_string\"}],\"inLanguage\":\"en-US\"},{\"@type\":\"Organization\",\"@id\":\"https:\/\/www.grimme-partner.com\/en\/#organization\",\"name\":\"Grimme & Partner\",\"url\":\"https:\/\/www.grimme-partner.com\/en\/\",\"logo\":{\"@type\":\"ImageObject\",\"inLanguage\":\"en-US\",\"@id\":\"https:\/\/www.grimme-partner.com\/en\/#\/schema\/logo\/image\/\",\"url\":\"https:\/\/www.grimme-partner.com\/wp-content\/uploads\/2013\/04\/grimme-und-partner-rechtsanwaelte-logo1.png\",\"contentUrl\":\"https:\/\/www.grimme-partner.com\/wp-content\/uploads\/2013\/04\/grimme-und-partner-rechtsanwaelte-logo1.png\",\"width\":300,\"height\":62,\"caption\":\"Grimme & Partner\"},\"image\":{\"@id\":\"https:\/\/www.grimme-partner.com\/en\/#\/schema\/logo\/image\/\"}}]}<\/script>\n<!-- \/ Yoast SEO plugin. -->","yoast_head_json":{"title":"Rechtsanw\u00e4lte in Hamburg, Transportrecht, Spedition","description":"Rechtsanw\u00e4lte in Hamburg, Schwerpunkt Transportrecht und Spedition. F\u00fcr Spediteure \/ Frachtf\u00fchrer treiben wir ausstehende Frachten bei.","robots":{"index":"index","follow":"follow","max-snippet":"max-snippet:-1","max-image-preview":"max-image-preview:large","max-video-preview":"max-video-preview:-1"},"canonical":"https:\/\/www.grimme-partner.com\/en\/was-tun-grimme-und-partner\/spedition\/","og_locale":"en_US","og_type":"article","og_title":"Rechtsanw\u00e4lte in Hamburg, Transportrecht, Spedition","og_description":"Rechtsanw\u00e4lte in Hamburg, Schwerpunkt Transportrecht und Spedition. F\u00fcr Spediteure \/ Frachtf\u00fchrer treiben wir ausstehende Frachten bei.","og_url":"https:\/\/www.grimme-partner.com\/en\/was-tun-grimme-und-partner\/spedition\/","og_site_name":"Grimme &amp; Partner","article_modified_time":"2017-06-06T12:28:07+00:00","og_image":[{"width":1040,"height":700,"url":"https:\/\/www.grimme-partner.com\/wp-content\/uploads\/2013\/04\/spedition_HG1.jpg","type":"image\/jpeg"}],"twitter_card":"summary_large_image","twitter_misc":{"Est. reading time":"1 minute"},"schema":{"@context":"https:\/\/schema.org","@graph":[{"@type":"WebPage","@id":"https:\/\/www.grimme-partner.com\/en\/was-tun-grimme-und-partner\/spedition\/","url":"https:\/\/www.grimme-partner.com\/en\/was-tun-grimme-und-partner\/spedition\/","name":"Rechtsanw\u00e4lte in Hamburg, Transportrecht, Spedition","isPartOf":{"@id":"https:\/\/www.grimme-partner.com\/en\/#website"},"datePublished":"2013-04-17T10:43:12+00:00","dateModified":"2017-06-06T12:28:07+00:00","description":"Rechtsanw\u00e4lte in Hamburg, Schwerpunkt Transportrecht und Spedition. F\u00fcr Spediteure \/ Frachtf\u00fchrer treiben wir ausstehende Frachten bei.","breadcrumb":{"@id":"https:\/\/www.grimme-partner.com\/en\/was-tun-grimme-und-partner\/spedition\/#breadcrumb"},"inLanguage":"en-US","potentialAction":[{"@type":"ReadAction","target":[["https:\/\/www.grimme-partner.com\/en\/was-tun-grimme-und-partner\/spedition\/"]]}]},{"@type":"BreadcrumbList","@id":"https:\/\/www.grimme-partner.com\/en\/was-tun-grimme-und-partner\/spedition\/#breadcrumb","itemListElement":[{"@type":"ListItem","position":1,"name":"Startseite","item":"https:\/\/www.grimme-partner.com\/en\/"},{"@type":"ListItem","position":2,"name":"Was tun Grimme &#038; Partner?","item":"https:\/\/www.grimme-partner.com\/en\/was-tun-grimme-und-partner\/"},{"@type":"ListItem","position":3,"name":"Spedition"}]},{"@type":"WebSite","@id":"https:\/\/www.grimme-partner.com\/en\/#website","url":"https:\/\/www.grimme-partner.com\/en\/","name":"Grimme &amp; Partner","description":"Lawyers","publisher":{"@id":"https:\/\/www.grimme-partner.com\/en\/#organization"},"potentialAction":[{"@type":"SearchAction","target":{"@type":"EntryPoint","urlTemplate":"https:\/\/www.grimme-partner.com\/en\/?s={search_term_string}"},"query-input":"required name=search_term_string"}],"inLanguage":"en-US"},{"@type":"Organization","@id":"https:\/\/www.grimme-partner.com\/en\/#organization","name":"Grimme & Partner","url":"https:\/\/www.grimme-partner.com\/en\/","logo":{"@type":"ImageObject","inLanguage":"en-US","@id":"https:\/\/www.grimme-partner.com\/en\/#\/schema\/logo\/image\/","url":"https:\/\/www.grimme-partner.com\/wp-content\/uploads\/2013\/04\/grimme-und-partner-rechtsanwaelte-logo1.png","contentUrl":"https:\/\/www.grimme-partner.com\/wp-content\/uploads\/2013\/04\/grimme-und-partner-rechtsanwaelte-logo1.png","width":300,"height":62,"caption":"Grimme & Partner"},"image":{"@id":"https:\/\/www.grimme-partner.com\/en\/#\/schema\/logo\/image\/"}}]}},"_links":{"self":[{"href":"https:\/\/www.grimme-partner.com\/en\/wp-json\/wp\/v2\/pages\/45"}],"collection":[{"href":"https:\/\/www.grimme-partner.com\/en\/wp-json\/wp\/v2\/pages"}],"about":[{"href":"https:\/\/www.grimme-partner.com\/en\/wp-json\/wp\/v2\/types\/page"}],"author":[{"embeddable":true,"href":"https:\/\/www.grimme-partner.com\/en\/wp-json\/wp\/v2\/users\/1"}],"replies":[{"embeddable":true,"href":"https:\/\/www.grimme-partner.com\/en\/wp-json\/wp\/v2\/comments?post=45"}],"version-history":[{"count":15,"href":"https:\/\/www.grimme-partner.com\/en\/wp-json\/wp\/v2\/pages\/45\/revisions"}],"predecessor-version":[{"id":1754,"href":"https:\/\/www.grimme-partner.com\/en\/wp-json\/wp\/v2\/pages\/45\/revisions\/1754"}],"up":[{"embeddable":true,"href":"https:\/\/www.grimme-partner.com\/en\/wp-json\/wp\/v2\/pages\/4"}],"wp:featuredmedia":[{"embeddable":true,"href":"https:\/\/www.grimme-partner.com\/en\/wp-json\/wp\/v2\/media\/1057"}],"wp:attachment":[{"href":"https:\/\/www.grimme-partner.com\/en\/wp-json\/wp\/v2\/media?parent=45"}],"curies":[{"name":"wp","href":"https:\/\/api.w.org\/{rel}","templated":true}]}}