{"id":43,"date":"2013-04-17T12:40:14","date_gmt":"2013-04-17T10:40:14","guid":{"rendered":"https:\/\/www.grimme-partner.com\/?page_id=43"},"modified":"2017-06-06T14:25:22","modified_gmt":"2017-06-06T12:25:22","slug":"yacht-kasko","status":"publish","type":"page","link":"https:\/\/www.grimme-partner.com\/en\/was-tun-grimme-und-partner\/yacht-kasko\/","title":{"rendered":"Yacht Hull Insurance"},"content":{"rendered":"<p>In the event of damage to pleasure crafts (e.g. through collision, sinking, theft, fire) we review coverage claims against the hull insurers and deal with recourse actions \u2013 both domestically and abroad \u2013 against the respective perpetrators of the damage\/their insurers. We work for insurers, underwriting agents and insurance brokers (We are happy and proud to consider the market leader as one of our clients.).<\/p>","protected":false},"excerpt":{"rendered":"<p>In the event of damage to pleasure crafts (e.g. through collision, sinking, theft, fire) we review coverage claims against the hull insurers and deal with recourse actions \u2013 both domestically and abroad \u2013 against the respective perpetrators of the damage\/their insurers. We work for insurers, underwriting agents and insurance brokers (We are happy and proud [&hellip;]<\/p>\n","protected":false},"author":1,"featured_media":1226,"parent":4,"menu_order":6,"comment_status":"closed","ping_status":"closed","template":"","meta":[],"acf":[],"yoast_head":"<!-- This site is optimized with the Yoast SEO plugin v20.0 - https:\/\/yoast.com\/wordpress\/plugins\/seo\/ -->\n<title>Rechtsanw\u00e4lte in Hamburg, Transportrecht, Yacht-Kasko<\/title>\n<meta name=\"description\" content=\"Yacht-Kasko: bei Sch\u00e4den an Sportbooten \u00fcberpr\u00fcfen wird die Eintrittspflicht der zust\u00e4ndigen Versicherer und f\u00fchren den Regress gegen Schadenverursacher.\" \/>\n<meta name=\"robots\" content=\"index, follow, max-snippet:-1, max-image-preview:large, max-video-preview:-1\" \/>\n<link rel=\"canonical\" href=\"https:\/\/www.grimme-partner.com\/en\/was-tun-grimme-und-partner\/yacht-kasko\/\" \/>\n<meta property=\"og:locale\" content=\"en_US\" \/>\n<meta property=\"og:type\" content=\"article\" \/>\n<meta property=\"og:title\" content=\"Rechtsanw\u00e4lte in Hamburg, Transportrecht, Yacht-Kasko\" \/>\n<meta property=\"og:description\" content=\"Yacht-Kasko: bei Sch\u00e4den an Sportbooten \u00fcberpr\u00fcfen wird die Eintrittspflicht der zust\u00e4ndigen Versicherer und f\u00fchren den Regress gegen Schadenverursacher.\" \/>\n<meta property=\"og:url\" content=\"https:\/\/www.grimme-partner.com\/en\/was-tun-grimme-und-partner\/yacht-kasko\/\" \/>\n<meta property=\"og:site_name\" content=\"Grimme &amp; Partner\" \/>\n<meta property=\"article:modified_time\" content=\"2017-06-06T12:25:22+00:00\" \/>\n<meta property=\"og:image\" content=\"https:\/\/www.grimme-partner.com\/wp-content\/uploads\/2013\/04\/yachtkasko.jpg\" \/>\n\t<meta property=\"og:image:width\" content=\"1040\" \/>\n\t<meta property=\"og:image:height\" content=\"700\" \/>\n\t<meta property=\"og:image:type\" content=\"image\/jpeg\" \/>\n<meta name=\"twitter:card\" content=\"summary_large_image\" \/>\n<meta name=\"twitter:label1\" content=\"Est. reading time\" \/>\n\t<meta name=\"twitter:data1\" content=\"1 minute\" \/>\n<script type=\"application\/ld+json\" class=\"yoast-schema-graph\">{\"@context\":\"https:\/\/schema.org\",\"@graph\":[{\"@type\":\"WebPage\",\"@id\":\"https:\/\/www.grimme-partner.com\/en\/was-tun-grimme-und-partner\/yacht-kasko\/\",\"url\":\"https:\/\/www.grimme-partner.com\/en\/was-tun-grimme-und-partner\/yacht-kasko\/\",\"name\":\"Rechtsanw\u00e4lte in Hamburg, Transportrecht, Yacht-Kasko\",\"isPartOf\":{\"@id\":\"https:\/\/www.grimme-partner.com\/en\/#website\"},\"datePublished\":\"2013-04-17T10:40:14+00:00\",\"dateModified\":\"2017-06-06T12:25:22+00:00\",\"description\":\"Yacht-Kasko: bei Sch\u00e4den an Sportbooten \u00fcberpr\u00fcfen wird die Eintrittspflicht der zust\u00e4ndigen Versicherer und f\u00fchren den Regress gegen Schadenverursacher.\",\"breadcrumb\":{\"@id\":\"https:\/\/www.grimme-partner.com\/en\/was-tun-grimme-und-partner\/yacht-kasko\/#breadcrumb\"},\"inLanguage\":\"en-US\",\"potentialAction\":[{\"@type\":\"ReadAction\",\"target\":[[\"https:\/\/www.grimme-partner.com\/en\/was-tun-grimme-und-partner\/yacht-kasko\/\"]]}]},{\"@type\":\"BreadcrumbList\",\"@id\":\"https:\/\/www.grimme-partner.com\/en\/was-tun-grimme-und-partner\/yacht-kasko\/#breadcrumb\",\"itemListElement\":[{\"@type\":\"ListItem\",\"position\":1,\"name\":\"Startseite\",\"item\":\"https:\/\/www.grimme-partner.com\/en\/\"},{\"@type\":\"ListItem\",\"position\":2,\"name\":\"Was tun Grimme &#038; Partner?\",\"item\":\"https:\/\/www.grimme-partner.com\/en\/was-tun-grimme-und-partner\/\"},{\"@type\":\"ListItem\",\"position\":3,\"name\":\"Yacht-Kasko\"}]},{\"@type\":\"WebSite\",\"@id\":\"https:\/\/www.grimme-partner.com\/en\/#website\",\"url\":\"https:\/\/www.grimme-partner.com\/en\/\",\"name\":\"Grimme &amp; Partner\",\"description\":\"Lawyers\",\"publisher\":{\"@id\":\"https:\/\/www.grimme-partner.com\/en\/#organization\"},\"potentialAction\":[{\"@type\":\"SearchAction\",\"target\":{\"@type\":\"EntryPoint\",\"urlTemplate\":\"https:\/\/www.grimme-partner.com\/en\/?s={search_term_string}\"},\"query-input\":\"required name=search_term_string\"}],\"inLanguage\":\"en-US\"},{\"@type\":\"Organization\",\"@id\":\"https:\/\/www.grimme-partner.com\/en\/#organization\",\"name\":\"Grimme & Partner\",\"url\":\"https:\/\/www.grimme-partner.com\/en\/\",\"logo\":{\"@type\":\"ImageObject\",\"inLanguage\":\"en-US\",\"@id\":\"https:\/\/www.grimme-partner.com\/en\/#\/schema\/logo\/image\/\",\"url\":\"https:\/\/www.grimme-partner.com\/wp-content\/uploads\/2013\/04\/grimme-und-partner-rechtsanwaelte-logo1.png\",\"contentUrl\":\"https:\/\/www.grimme-partner.com\/wp-content\/uploads\/2013\/04\/grimme-und-partner-rechtsanwaelte-logo1.png\",\"width\":300,\"height\":62,\"caption\":\"Grimme & Partner\"},\"image\":{\"@id\":\"https:\/\/www.grimme-partner.com\/en\/#\/schema\/logo\/image\/\"}}]}<\/script>\n<!-- \/ Yoast SEO plugin. -->","yoast_head_json":{"title":"Rechtsanw\u00e4lte in Hamburg, Transportrecht, Yacht-Kasko","description":"Yacht-Kasko: bei Sch\u00e4den an Sportbooten \u00fcberpr\u00fcfen wird die Eintrittspflicht der zust\u00e4ndigen Versicherer und f\u00fchren den Regress gegen Schadenverursacher.","robots":{"index":"index","follow":"follow","max-snippet":"max-snippet:-1","max-image-preview":"max-image-preview:large","max-video-preview":"max-video-preview:-1"},"canonical":"https:\/\/www.grimme-partner.com\/en\/was-tun-grimme-und-partner\/yacht-kasko\/","og_locale":"en_US","og_type":"article","og_title":"Rechtsanw\u00e4lte in Hamburg, Transportrecht, Yacht-Kasko","og_description":"Yacht-Kasko: bei Sch\u00e4den an Sportbooten \u00fcberpr\u00fcfen wird die Eintrittspflicht der zust\u00e4ndigen Versicherer und f\u00fchren den Regress gegen Schadenverursacher.","og_url":"https:\/\/www.grimme-partner.com\/en\/was-tun-grimme-und-partner\/yacht-kasko\/","og_site_name":"Grimme &amp; Partner","article_modified_time":"2017-06-06T12:25:22+00:00","og_image":[{"width":1040,"height":700,"url":"https:\/\/www.grimme-partner.com\/wp-content\/uploads\/2013\/04\/yachtkasko.jpg","type":"image\/jpeg"}],"twitter_card":"summary_large_image","twitter_misc":{"Est. reading time":"1 minute"},"schema":{"@context":"https:\/\/schema.org","@graph":[{"@type":"WebPage","@id":"https:\/\/www.grimme-partner.com\/en\/was-tun-grimme-und-partner\/yacht-kasko\/","url":"https:\/\/www.grimme-partner.com\/en\/was-tun-grimme-und-partner\/yacht-kasko\/","name":"Rechtsanw\u00e4lte in Hamburg, Transportrecht, Yacht-Kasko","isPartOf":{"@id":"https:\/\/www.grimme-partner.com\/en\/#website"},"datePublished":"2013-04-17T10:40:14+00:00","dateModified":"2017-06-06T12:25:22+00:00","description":"Yacht-Kasko: bei Sch\u00e4den an Sportbooten \u00fcberpr\u00fcfen wird die Eintrittspflicht der zust\u00e4ndigen Versicherer und f\u00fchren den Regress gegen Schadenverursacher.","breadcrumb":{"@id":"https:\/\/www.grimme-partner.com\/en\/was-tun-grimme-und-partner\/yacht-kasko\/#breadcrumb"},"inLanguage":"en-US","potentialAction":[{"@type":"ReadAction","target":[["https:\/\/www.grimme-partner.com\/en\/was-tun-grimme-und-partner\/yacht-kasko\/"]]}]},{"@type":"BreadcrumbList","@id":"https:\/\/www.grimme-partner.com\/en\/was-tun-grimme-und-partner\/yacht-kasko\/#breadcrumb","itemListElement":[{"@type":"ListItem","position":1,"name":"Startseite","item":"https:\/\/www.grimme-partner.com\/en\/"},{"@type":"ListItem","position":2,"name":"Was tun Grimme &#038; Partner?","item":"https:\/\/www.grimme-partner.com\/en\/was-tun-grimme-und-partner\/"},{"@type":"ListItem","position":3,"name":"Yacht-Kasko"}]},{"@type":"WebSite","@id":"https:\/\/www.grimme-partner.com\/en\/#website","url":"https:\/\/www.grimme-partner.com\/en\/","name":"Grimme &amp; Partner","description":"Lawyers","publisher":{"@id":"https:\/\/www.grimme-partner.com\/en\/#organization"},"potentialAction":[{"@type":"SearchAction","target":{"@type":"EntryPoint","urlTemplate":"https:\/\/www.grimme-partner.com\/en\/?s={search_term_string}"},"query-input":"required name=search_term_string"}],"inLanguage":"en-US"},{"@type":"Organization","@id":"https:\/\/www.grimme-partner.com\/en\/#organization","name":"Grimme & Partner","url":"https:\/\/www.grimme-partner.com\/en\/","logo":{"@type":"ImageObject","inLanguage":"en-US","@id":"https:\/\/www.grimme-partner.com\/en\/#\/schema\/logo\/image\/","url":"https:\/\/www.grimme-partner.com\/wp-content\/uploads\/2013\/04\/grimme-und-partner-rechtsanwaelte-logo1.png","contentUrl":"https:\/\/www.grimme-partner.com\/wp-content\/uploads\/2013\/04\/grimme-und-partner-rechtsanwaelte-logo1.png","width":300,"height":62,"caption":"Grimme & Partner"},"image":{"@id":"https:\/\/www.grimme-partner.com\/en\/#\/schema\/logo\/image\/"}}]}},"_links":{"self":[{"href":"https:\/\/www.grimme-partner.com\/en\/wp-json\/wp\/v2\/pages\/43"}],"collection":[{"href":"https:\/\/www.grimme-partner.com\/en\/wp-json\/wp\/v2\/pages"}],"about":[{"href":"https:\/\/www.grimme-partner.com\/en\/wp-json\/wp\/v2\/types\/page"}],"author":[{"embeddable":true,"href":"https:\/\/www.grimme-partner.com\/en\/wp-json\/wp\/v2\/users\/1"}],"replies":[{"embeddable":true,"href":"https:\/\/www.grimme-partner.com\/en\/wp-json\/wp\/v2\/comments?post=43"}],"version-history":[{"count":25,"href":"https:\/\/www.grimme-partner.com\/en\/wp-json\/wp\/v2\/pages\/43\/revisions"}],"predecessor-version":[{"id":1757,"href":"https:\/\/www.grimme-partner.com\/en\/wp-json\/wp\/v2\/pages\/43\/revisions\/1757"}],"up":[{"embeddable":true,"href":"https:\/\/www.grimme-partner.com\/en\/wp-json\/wp\/v2\/pages\/4"}],"wp:featuredmedia":[{"embeddable":true,"href":"https:\/\/www.grimme-partner.com\/en\/wp-json\/wp\/v2\/media\/1226"}],"wp:attachment":[{"href":"https:\/\/www.grimme-partner.com\/en\/wp-json\/wp\/v2\/media?parent=43"}],"curies":[{"name":"wp","href":"https:\/\/api.w.org\/{rel}","templated":true}]}}