{"id":42,"date":"2013-04-17T12:40:14","date_gmt":"2013-04-17T10:40:14","guid":{"rendered":"https:\/\/www.grimme-partner.com\/?page_id=42"},"modified":"2017-06-06T14:32:28","modified_gmt":"2017-06-06T12:32:28","slug":"luftfahrt","status":"publish","type":"page","link":"https:\/\/www.grimme-partner.com\/en\/was-tun-grimme-und-partner\/luftfahrt\/","title":{"rendered":"Aviation"},"content":{"rendered":"<p>We defend against claims based on EU regulation on passenger rights as well as pursuing them, handle luggage damages, represent airline companies in the event of damages, enforce recourse claims for repatriation as well as fending them off.<\/p>\n<p>&nbsp;<br \/>\n<\/p>","protected":false},"excerpt":{"rendered":"<p>We defend against claims based on EU regulation on passenger rights as well as pursuing them, handle luggage damages, represent airline companies in the event of damages, enforce recourse claims for repatriation as well as fending them off. &nbsp;<\/p>\n","protected":false},"author":1,"featured_media":870,"parent":4,"menu_order":7,"comment_status":"closed","ping_status":"closed","template":"","meta":[],"acf":[],"yoast_head":"<!-- This site is optimized with the Yoast SEO plugin v20.0 - https:\/\/yoast.com\/wordpress\/plugins\/seo\/ -->\n<title>Rechtsanw\u00e4lte in Hamburg, Transportrecht, Luftfahrt<\/title>\n<meta name=\"description\" content=\"Wir wehren Anspr\u00fcche nach der FluggastVO ab, vertreten Luftfahrt-Unternehmen, setzen Regressanspr\u00fcche f\u00fcr Flugr\u00fcckholkostenversicherer durch.\" \/>\n<meta name=\"robots\" content=\"index, follow, max-snippet:-1, max-image-preview:large, max-video-preview:-1\" \/>\n<link rel=\"canonical\" href=\"https:\/\/www.grimme-partner.com\/en\/was-tun-grimme-und-partner\/luftfahrt\/\" \/>\n<meta property=\"og:locale\" content=\"en_US\" \/>\n<meta property=\"og:type\" content=\"article\" \/>\n<meta property=\"og:title\" content=\"Rechtsanw\u00e4lte in Hamburg, Transportrecht, Luftfahrt\" \/>\n<meta property=\"og:description\" content=\"Wir wehren Anspr\u00fcche nach der FluggastVO ab, vertreten Luftfahrt-Unternehmen, setzen Regressanspr\u00fcche f\u00fcr Flugr\u00fcckholkostenversicherer durch.\" \/>\n<meta property=\"og:url\" content=\"https:\/\/www.grimme-partner.com\/en\/was-tun-grimme-und-partner\/luftfahrt\/\" \/>\n<meta property=\"og:site_name\" content=\"Grimme &amp; Partner\" \/>\n<meta property=\"article:modified_time\" content=\"2017-06-06T12:32:28+00:00\" \/>\n<meta property=\"og:image\" content=\"https:\/\/www.grimme-partner.com\/wp-content\/uploads\/2013\/04\/luftfahrt-e1381927628378.gif\" \/>\n\t<meta property=\"og:image:width\" content=\"904\" \/>\n\t<meta property=\"og:image:height\" content=\"592\" \/>\n\t<meta property=\"og:image:type\" content=\"image\/gif\" \/>\n<meta name=\"twitter:card\" content=\"summary_large_image\" \/>\n<script type=\"application\/ld+json\" class=\"yoast-schema-graph\">{\"@context\":\"https:\/\/schema.org\",\"@graph\":[{\"@type\":\"WebPage\",\"@id\":\"https:\/\/www.grimme-partner.com\/en\/was-tun-grimme-und-partner\/luftfahrt\/\",\"url\":\"https:\/\/www.grimme-partner.com\/en\/was-tun-grimme-und-partner\/luftfahrt\/\",\"name\":\"Rechtsanw\u00e4lte in Hamburg, Transportrecht, Luftfahrt\",\"isPartOf\":{\"@id\":\"https:\/\/www.grimme-partner.com\/en\/#website\"},\"datePublished\":\"2013-04-17T10:40:14+00:00\",\"dateModified\":\"2017-06-06T12:32:28+00:00\",\"description\":\"Wir wehren Anspr\u00fcche nach der FluggastVO ab, vertreten Luftfahrt-Unternehmen, setzen Regressanspr\u00fcche f\u00fcr Flugr\u00fcckholkostenversicherer durch.\",\"breadcrumb\":{\"@id\":\"https:\/\/www.grimme-partner.com\/en\/was-tun-grimme-und-partner\/luftfahrt\/#breadcrumb\"},\"inLanguage\":\"en-US\",\"potentialAction\":[{\"@type\":\"ReadAction\",\"target\":[[\"https:\/\/www.grimme-partner.com\/en\/was-tun-grimme-und-partner\/luftfahrt\/\"]]}]},{\"@type\":\"BreadcrumbList\",\"@id\":\"https:\/\/www.grimme-partner.com\/en\/was-tun-grimme-und-partner\/luftfahrt\/#breadcrumb\",\"itemListElement\":[{\"@type\":\"ListItem\",\"position\":1,\"name\":\"Startseite\",\"item\":\"https:\/\/www.grimme-partner.com\/en\/\"},{\"@type\":\"ListItem\",\"position\":2,\"name\":\"Was tun Grimme &#038; Partner?\",\"item\":\"https:\/\/www.grimme-partner.com\/en\/was-tun-grimme-und-partner\/\"},{\"@type\":\"ListItem\",\"position\":3,\"name\":\"Luftfahrt\"}]},{\"@type\":\"WebSite\",\"@id\":\"https:\/\/www.grimme-partner.com\/en\/#website\",\"url\":\"https:\/\/www.grimme-partner.com\/en\/\",\"name\":\"Grimme &amp; Partner\",\"description\":\"Lawyers\",\"publisher\":{\"@id\":\"https:\/\/www.grimme-partner.com\/en\/#organization\"},\"potentialAction\":[{\"@type\":\"SearchAction\",\"target\":{\"@type\":\"EntryPoint\",\"urlTemplate\":\"https:\/\/www.grimme-partner.com\/en\/?s={search_term_string}\"},\"query-input\":\"required name=search_term_string\"}],\"inLanguage\":\"en-US\"},{\"@type\":\"Organization\",\"@id\":\"https:\/\/www.grimme-partner.com\/en\/#organization\",\"name\":\"Grimme & Partner\",\"url\":\"https:\/\/www.grimme-partner.com\/en\/\",\"logo\":{\"@type\":\"ImageObject\",\"inLanguage\":\"en-US\",\"@id\":\"https:\/\/www.grimme-partner.com\/en\/#\/schema\/logo\/image\/\",\"url\":\"https:\/\/www.grimme-partner.com\/wp-content\/uploads\/2013\/04\/grimme-und-partner-rechtsanwaelte-logo1.png\",\"contentUrl\":\"https:\/\/www.grimme-partner.com\/wp-content\/uploads\/2013\/04\/grimme-und-partner-rechtsanwaelte-logo1.png\",\"width\":300,\"height\":62,\"caption\":\"Grimme & Partner\"},\"image\":{\"@id\":\"https:\/\/www.grimme-partner.com\/en\/#\/schema\/logo\/image\/\"}}]}<\/script>\n<!-- \/ Yoast SEO plugin. -->","yoast_head_json":{"title":"Rechtsanw\u00e4lte in Hamburg, Transportrecht, Luftfahrt","description":"Wir wehren Anspr\u00fcche nach der FluggastVO ab, vertreten Luftfahrt-Unternehmen, setzen Regressanspr\u00fcche f\u00fcr Flugr\u00fcckholkostenversicherer durch.","robots":{"index":"index","follow":"follow","max-snippet":"max-snippet:-1","max-image-preview":"max-image-preview:large","max-video-preview":"max-video-preview:-1"},"canonical":"https:\/\/www.grimme-partner.com\/en\/was-tun-grimme-und-partner\/luftfahrt\/","og_locale":"en_US","og_type":"article","og_title":"Rechtsanw\u00e4lte in Hamburg, Transportrecht, Luftfahrt","og_description":"Wir wehren Anspr\u00fcche nach der FluggastVO ab, vertreten Luftfahrt-Unternehmen, setzen Regressanspr\u00fcche f\u00fcr Flugr\u00fcckholkostenversicherer durch.","og_url":"https:\/\/www.grimme-partner.com\/en\/was-tun-grimme-und-partner\/luftfahrt\/","og_site_name":"Grimme &amp; Partner","article_modified_time":"2017-06-06T12:32:28+00:00","og_image":[{"width":904,"height":592,"url":"https:\/\/www.grimme-partner.com\/wp-content\/uploads\/2013\/04\/luftfahrt-e1381927628378.gif","type":"image\/gif"}],"twitter_card":"summary_large_image","schema":{"@context":"https:\/\/schema.org","@graph":[{"@type":"WebPage","@id":"https:\/\/www.grimme-partner.com\/en\/was-tun-grimme-und-partner\/luftfahrt\/","url":"https:\/\/www.grimme-partner.com\/en\/was-tun-grimme-und-partner\/luftfahrt\/","name":"Rechtsanw\u00e4lte in Hamburg, Transportrecht, Luftfahrt","isPartOf":{"@id":"https:\/\/www.grimme-partner.com\/en\/#website"},"datePublished":"2013-04-17T10:40:14+00:00","dateModified":"2017-06-06T12:32:28+00:00","description":"Wir wehren Anspr\u00fcche nach der FluggastVO ab, vertreten Luftfahrt-Unternehmen, setzen Regressanspr\u00fcche f\u00fcr Flugr\u00fcckholkostenversicherer durch.","breadcrumb":{"@id":"https:\/\/www.grimme-partner.com\/en\/was-tun-grimme-und-partner\/luftfahrt\/#breadcrumb"},"inLanguage":"en-US","potentialAction":[{"@type":"ReadAction","target":[["https:\/\/www.grimme-partner.com\/en\/was-tun-grimme-und-partner\/luftfahrt\/"]]}]},{"@type":"BreadcrumbList","@id":"https:\/\/www.grimme-partner.com\/en\/was-tun-grimme-und-partner\/luftfahrt\/#breadcrumb","itemListElement":[{"@type":"ListItem","position":1,"name":"Startseite","item":"https:\/\/www.grimme-partner.com\/en\/"},{"@type":"ListItem","position":2,"name":"Was tun Grimme &#038; Partner?","item":"https:\/\/www.grimme-partner.com\/en\/was-tun-grimme-und-partner\/"},{"@type":"ListItem","position":3,"name":"Luftfahrt"}]},{"@type":"WebSite","@id":"https:\/\/www.grimme-partner.com\/en\/#website","url":"https:\/\/www.grimme-partner.com\/en\/","name":"Grimme &amp; Partner","description":"Lawyers","publisher":{"@id":"https:\/\/www.grimme-partner.com\/en\/#organization"},"potentialAction":[{"@type":"SearchAction","target":{"@type":"EntryPoint","urlTemplate":"https:\/\/www.grimme-partner.com\/en\/?s={search_term_string}"},"query-input":"required name=search_term_string"}],"inLanguage":"en-US"},{"@type":"Organization","@id":"https:\/\/www.grimme-partner.com\/en\/#organization","name":"Grimme & Partner","url":"https:\/\/www.grimme-partner.com\/en\/","logo":{"@type":"ImageObject","inLanguage":"en-US","@id":"https:\/\/www.grimme-partner.com\/en\/#\/schema\/logo\/image\/","url":"https:\/\/www.grimme-partner.com\/wp-content\/uploads\/2013\/04\/grimme-und-partner-rechtsanwaelte-logo1.png","contentUrl":"https:\/\/www.grimme-partner.com\/wp-content\/uploads\/2013\/04\/grimme-und-partner-rechtsanwaelte-logo1.png","width":300,"height":62,"caption":"Grimme & Partner"},"image":{"@id":"https:\/\/www.grimme-partner.com\/en\/#\/schema\/logo\/image\/"}}]}},"_links":{"self":[{"href":"https:\/\/www.grimme-partner.com\/en\/wp-json\/wp\/v2\/pages\/42"}],"collection":[{"href":"https:\/\/www.grimme-partner.com\/en\/wp-json\/wp\/v2\/pages"}],"about":[{"href":"https:\/\/www.grimme-partner.com\/en\/wp-json\/wp\/v2\/types\/page"}],"author":[{"embeddable":true,"href":"https:\/\/www.grimme-partner.com\/en\/wp-json\/wp\/v2\/users\/1"}],"replies":[{"embeddable":true,"href":"https:\/\/www.grimme-partner.com\/en\/wp-json\/wp\/v2\/comments?post=42"}],"version-history":[{"count":17,"href":"https:\/\/www.grimme-partner.com\/en\/wp-json\/wp\/v2\/pages\/42\/revisions"}],"predecessor-version":[{"id":1758,"href":"https:\/\/www.grimme-partner.com\/en\/wp-json\/wp\/v2\/pages\/42\/revisions\/1758"}],"up":[{"embeddable":true,"href":"https:\/\/www.grimme-partner.com\/en\/wp-json\/wp\/v2\/pages\/4"}],"wp:featuredmedia":[{"embeddable":true,"href":"https:\/\/www.grimme-partner.com\/en\/wp-json\/wp\/v2\/media\/870"}],"wp:attachment":[{"href":"https:\/\/www.grimme-partner.com\/en\/wp-json\/wp\/v2\/media?parent=42"}],"curies":[{"name":"wp","href":"https:\/\/api.w.org\/{rel}","templated":true}]}}