{"id":251,"date":"2013-04-30T22:39:38","date_gmt":"2013-04-30T20:39:38","guid":{"rendered":"https:\/\/www.grimme-partner.com\/?page_id=251"},"modified":"2023-02-03T15:10:57","modified_gmt":"2023-02-03T13:10:57","slug":"lebenslauf-angela-schuette","status":"publish","type":"page","link":"https:\/\/www.grimme-partner.com\/en\/wer-sind-grimme-und-partner\/angela-schuette\/lebenslauf-angela-schuette\/","title":{"rendered":"R\u00e9sum\u00e9"},"content":{"rendered":"<p><\/p>\n<table border=\"0\">\n<tbody>\n<tr>\n<td colspan=\"2\"><strong>Angela Sch\u00fctte<\/strong><\/td>\n<\/tr>\n<tr>\n<td colspan=\"2\">Bar certified specialist for transport and forwarding law,<br \/>\nbar certified specialist for insurance law<\/td>\n<\/tr>\n<tr>\n<td colspan=\"2\"><strong>Date of Birth:<\/strong> 29th September 1971<\/td>\n<\/tr>\n<tr>\n<td colspan=\"2\"><strong>Training:<\/strong><\/td>\n<\/tr>\n<tr>\n<td colspan=\"2\">1991-1996<\/td>\n<\/tr>\n<tr>\n<td width=\"20\"><\/td>\n<td>Law studies (University of Osnabr\u00fcck)<\/td>\n<\/tr>\n<tr>\n<td colspan=\"2\">1997-1999<\/td>\n<\/tr>\n<tr>\n<td><\/td>\n<td>Legal clerkship in Schleswig-Holstein<\/td>\n<\/tr>\n<tr>\n<td colspan=\"2\"><strong>Foreign languages:<\/strong><\/td>\n<\/tr>\n<tr>\n<td><\/td>\n<td>English, Danish<\/td>\n<\/tr>\n<tr>\n<td colspan=\"2\"><strong>Memberships:<\/strong><\/td>\n<\/tr>\n<tr>\n<td><\/td>\n<td><span class=\"Apple-style-span\" style=\"line-height: 20px;\">German Association for Transport Law<\/span><\/td>\n<\/tr>\n<tr>\n<td colspan=\"2\"><strong>Field of activity:<\/strong><\/td>\n<\/tr>\n<tr>\n<td><\/td>\n<td>Transport law, insurance law<\/td>\n<\/tr>\n<\/tbody>\n<\/table>\n<p style=\"text-align: right;\"><span class=\"arrowLinkback\"><a title=\"Angela Sch\u00fctte (Partnerin)\" href=\"https:\/\/www.grimme-partner.com\/en\/wer-sind-grimme-und-partner\/angela-schuette\/\">back<\/a><\/span><\/p>\n<p>&nbsp;<\/p>","protected":false},"excerpt":{"rendered":"<p>Angela Sch\u00fctte Bar certified specialist for transport and forwarding law, bar certified specialist for insurance law Date of Birth: 29th September 1971 Training: 1991-1996 Law studies (University of Osnabr\u00fcck) 1997-1999 Legal clerkship in Schleswig-Holstein Foreign languages: English, Danish Memberships: German Association for Transport Law Field of activity: Transport law, insurance law back &nbsp;<\/p>\n","protected":false},"author":2,"featured_media":822,"parent":84,"menu_order":0,"comment_status":"closed","ping_status":"closed","template":"","meta":[],"acf":[],"yoast_head":"<!-- This site is optimized with the Yoast SEO plugin v20.0 - https:\/\/yoast.com\/wordpress\/plugins\/seo\/ -->\n<title>Angela Sch\u00fctte, Fachanw\u00e4ltin f\u00fcr Transport- und Speditionsrecht<\/title>\n<meta name=\"description\" content=\"Angela Sch\u00fctte, Grimme &amp; Partner Rechtsanw\u00e4lte, Hamburg, Fachanw\u00e4ltin f\u00fcr Transport- und Speditionsrecht, Transportrecht, Versicherungsrecht\" \/>\n<meta name=\"robots\" content=\"index, follow, max-snippet:-1, max-image-preview:large, max-video-preview:-1\" \/>\n<link rel=\"canonical\" href=\"https:\/\/www.grimme-partner.com\/en\/wer-sind-grimme-und-partner\/angela-schuette\/lebenslauf-angela-schuette\/\" \/>\n<meta property=\"og:locale\" content=\"en_US\" \/>\n<meta property=\"og:type\" content=\"article\" \/>\n<meta property=\"og:title\" content=\"Angela Sch\u00fctte, Fachanw\u00e4ltin f\u00fcr Transport- und Speditionsrecht\" \/>\n<meta property=\"og:description\" content=\"Angela Sch\u00fctte, Grimme &amp; Partner Rechtsanw\u00e4lte, Hamburg, Fachanw\u00e4ltin f\u00fcr Transport- und Speditionsrecht, Transportrecht, Versicherungsrecht\" \/>\n<meta property=\"og:url\" content=\"https:\/\/www.grimme-partner.com\/en\/wer-sind-grimme-und-partner\/angela-schuette\/lebenslauf-angela-schuette\/\" \/>\n<meta property=\"og:site_name\" content=\"Grimme &amp; Partner\" \/>\n<meta property=\"article:modified_time\" content=\"2023-02-03T13:10:57+00:00\" \/>\n<meta property=\"og:image\" content=\"https:\/\/www.grimme-partner.com\/wp-content\/uploads\/2013\/04\/angela_schuette1.jpg\" \/>\n\t<meta property=\"og:image:width\" content=\"1040\" \/>\n\t<meta property=\"og:image:height\" content=\"700\" \/>\n\t<meta property=\"og:image:type\" content=\"image\/jpeg\" \/>\n<meta name=\"twitter:card\" content=\"summary_large_image\" \/>\n<meta name=\"twitter:label1\" content=\"Est. reading time\" \/>\n\t<meta name=\"twitter:data1\" content=\"1 minute\" \/>\n<script type=\"application\/ld+json\" class=\"yoast-schema-graph\">{\"@context\":\"https:\/\/schema.org\",\"@graph\":[{\"@type\":\"WebPage\",\"@id\":\"https:\/\/www.grimme-partner.com\/en\/wer-sind-grimme-und-partner\/angela-schuette\/lebenslauf-angela-schuette\/\",\"url\":\"https:\/\/www.grimme-partner.com\/en\/wer-sind-grimme-und-partner\/angela-schuette\/lebenslauf-angela-schuette\/\",\"name\":\"Angela Sch\u00fctte, Fachanw\u00e4ltin f\u00fcr Transport- und Speditionsrecht\",\"isPartOf\":{\"@id\":\"https:\/\/www.grimme-partner.com\/en\/#website\"},\"datePublished\":\"2013-04-30T20:39:38+00:00\",\"dateModified\":\"2023-02-03T13:10:57+00:00\",\"description\":\"Angela Sch\u00fctte, Grimme & Partner Rechtsanw\u00e4lte, Hamburg, Fachanw\u00e4ltin f\u00fcr Transport- und Speditionsrecht, Transportrecht, Versicherungsrecht\",\"breadcrumb\":{\"@id\":\"https:\/\/www.grimme-partner.com\/en\/wer-sind-grimme-und-partner\/angela-schuette\/lebenslauf-angela-schuette\/#breadcrumb\"},\"inLanguage\":\"en-US\",\"potentialAction\":[{\"@type\":\"ReadAction\",\"target\":[[\"https:\/\/www.grimme-partner.com\/en\/wer-sind-grimme-und-partner\/angela-schuette\/lebenslauf-angela-schuette\/\"]]}]},{\"@type\":\"BreadcrumbList\",\"@id\":\"https:\/\/www.grimme-partner.com\/en\/wer-sind-grimme-und-partner\/angela-schuette\/lebenslauf-angela-schuette\/#breadcrumb\",\"itemListElement\":[{\"@type\":\"ListItem\",\"position\":1,\"name\":\"Startseite\",\"item\":\"https:\/\/www.grimme-partner.com\/en\/\"},{\"@type\":\"ListItem\",\"position\":2,\"name\":\"Wer sind Grimme &#038; Partner?\",\"item\":\"https:\/\/www.grimme-partner.com\/en\/wer-sind-grimme-und-partner\/\"},{\"@type\":\"ListItem\",\"position\":3,\"name\":\"Angela Sch\u00fctte, Partnerin\",\"item\":\"https:\/\/www.grimme-partner.com\/en\/wer-sind-grimme-und-partner\/angela-schuette\/\"},{\"@type\":\"ListItem\",\"position\":4,\"name\":\"Lebenslauf\"}]},{\"@type\":\"WebSite\",\"@id\":\"https:\/\/www.grimme-partner.com\/en\/#website\",\"url\":\"https:\/\/www.grimme-partner.com\/en\/\",\"name\":\"Grimme &amp; Partner\",\"description\":\"Lawyers\",\"publisher\":{\"@id\":\"https:\/\/www.grimme-partner.com\/en\/#organization\"},\"potentialAction\":[{\"@type\":\"SearchAction\",\"target\":{\"@type\":\"EntryPoint\",\"urlTemplate\":\"https:\/\/www.grimme-partner.com\/en\/?s={search_term_string}\"},\"query-input\":\"required name=search_term_string\"}],\"inLanguage\":\"en-US\"},{\"@type\":\"Organization\",\"@id\":\"https:\/\/www.grimme-partner.com\/en\/#organization\",\"name\":\"Grimme & Partner\",\"url\":\"https:\/\/www.grimme-partner.com\/en\/\",\"logo\":{\"@type\":\"ImageObject\",\"inLanguage\":\"en-US\",\"@id\":\"https:\/\/www.grimme-partner.com\/en\/#\/schema\/logo\/image\/\",\"url\":\"https:\/\/www.grimme-partner.com\/wp-content\/uploads\/2013\/04\/grimme-und-partner-rechtsanwaelte-logo1.png\",\"contentUrl\":\"https:\/\/www.grimme-partner.com\/wp-content\/uploads\/2013\/04\/grimme-und-partner-rechtsanwaelte-logo1.png\",\"width\":300,\"height\":62,\"caption\":\"Grimme & Partner\"},\"image\":{\"@id\":\"https:\/\/www.grimme-partner.com\/en\/#\/schema\/logo\/image\/\"}}]}<\/script>\n<!-- \/ Yoast SEO plugin. -->","yoast_head_json":{"title":"Angela Sch\u00fctte, Fachanw\u00e4ltin f\u00fcr Transport- und Speditionsrecht","description":"Angela Sch\u00fctte, Grimme & Partner Rechtsanw\u00e4lte, Hamburg, Fachanw\u00e4ltin f\u00fcr Transport- und Speditionsrecht, Transportrecht, Versicherungsrecht","robots":{"index":"index","follow":"follow","max-snippet":"max-snippet:-1","max-image-preview":"max-image-preview:large","max-video-preview":"max-video-preview:-1"},"canonical":"https:\/\/www.grimme-partner.com\/en\/wer-sind-grimme-und-partner\/angela-schuette\/lebenslauf-angela-schuette\/","og_locale":"en_US","og_type":"article","og_title":"Angela Sch\u00fctte, Fachanw\u00e4ltin f\u00fcr Transport- und Speditionsrecht","og_description":"Angela Sch\u00fctte, Grimme & Partner Rechtsanw\u00e4lte, Hamburg, Fachanw\u00e4ltin f\u00fcr Transport- und Speditionsrecht, Transportrecht, Versicherungsrecht","og_url":"https:\/\/www.grimme-partner.com\/en\/wer-sind-grimme-und-partner\/angela-schuette\/lebenslauf-angela-schuette\/","og_site_name":"Grimme &amp; Partner","article_modified_time":"2023-02-03T13:10:57+00:00","og_image":[{"width":1040,"height":700,"url":"https:\/\/www.grimme-partner.com\/wp-content\/uploads\/2013\/04\/angela_schuette1.jpg","type":"image\/jpeg"}],"twitter_card":"summary_large_image","twitter_misc":{"Est. reading time":"1 minute"},"schema":{"@context":"https:\/\/schema.org","@graph":[{"@type":"WebPage","@id":"https:\/\/www.grimme-partner.com\/en\/wer-sind-grimme-und-partner\/angela-schuette\/lebenslauf-angela-schuette\/","url":"https:\/\/www.grimme-partner.com\/en\/wer-sind-grimme-und-partner\/angela-schuette\/lebenslauf-angela-schuette\/","name":"Angela Sch\u00fctte, Fachanw\u00e4ltin f\u00fcr Transport- und Speditionsrecht","isPartOf":{"@id":"https:\/\/www.grimme-partner.com\/en\/#website"},"datePublished":"2013-04-30T20:39:38+00:00","dateModified":"2023-02-03T13:10:57+00:00","description":"Angela Sch\u00fctte, Grimme & Partner Rechtsanw\u00e4lte, Hamburg, Fachanw\u00e4ltin f\u00fcr Transport- und Speditionsrecht, Transportrecht, Versicherungsrecht","breadcrumb":{"@id":"https:\/\/www.grimme-partner.com\/en\/wer-sind-grimme-und-partner\/angela-schuette\/lebenslauf-angela-schuette\/#breadcrumb"},"inLanguage":"en-US","potentialAction":[{"@type":"ReadAction","target":[["https:\/\/www.grimme-partner.com\/en\/wer-sind-grimme-und-partner\/angela-schuette\/lebenslauf-angela-schuette\/"]]}]},{"@type":"BreadcrumbList","@id":"https:\/\/www.grimme-partner.com\/en\/wer-sind-grimme-und-partner\/angela-schuette\/lebenslauf-angela-schuette\/#breadcrumb","itemListElement":[{"@type":"ListItem","position":1,"name":"Startseite","item":"https:\/\/www.grimme-partner.com\/en\/"},{"@type":"ListItem","position":2,"name":"Wer sind Grimme &#038; Partner?","item":"https:\/\/www.grimme-partner.com\/en\/wer-sind-grimme-und-partner\/"},{"@type":"ListItem","position":3,"name":"Angela Sch\u00fctte, Partnerin","item":"https:\/\/www.grimme-partner.com\/en\/wer-sind-grimme-und-partner\/angela-schuette\/"},{"@type":"ListItem","position":4,"name":"Lebenslauf"}]},{"@type":"WebSite","@id":"https:\/\/www.grimme-partner.com\/en\/#website","url":"https:\/\/www.grimme-partner.com\/en\/","name":"Grimme &amp; Partner","description":"Lawyers","publisher":{"@id":"https:\/\/www.grimme-partner.com\/en\/#organization"},"potentialAction":[{"@type":"SearchAction","target":{"@type":"EntryPoint","urlTemplate":"https:\/\/www.grimme-partner.com\/en\/?s={search_term_string}"},"query-input":"required name=search_term_string"}],"inLanguage":"en-US"},{"@type":"Organization","@id":"https:\/\/www.grimme-partner.com\/en\/#organization","name":"Grimme & Partner","url":"https:\/\/www.grimme-partner.com\/en\/","logo":{"@type":"ImageObject","inLanguage":"en-US","@id":"https:\/\/www.grimme-partner.com\/en\/#\/schema\/logo\/image\/","url":"https:\/\/www.grimme-partner.com\/wp-content\/uploads\/2013\/04\/grimme-und-partner-rechtsanwaelte-logo1.png","contentUrl":"https:\/\/www.grimme-partner.com\/wp-content\/uploads\/2013\/04\/grimme-und-partner-rechtsanwaelte-logo1.png","width":300,"height":62,"caption":"Grimme & Partner"},"image":{"@id":"https:\/\/www.grimme-partner.com\/en\/#\/schema\/logo\/image\/"}}]}},"_links":{"self":[{"href":"https:\/\/www.grimme-partner.com\/en\/wp-json\/wp\/v2\/pages\/251"}],"collection":[{"href":"https:\/\/www.grimme-partner.com\/en\/wp-json\/wp\/v2\/pages"}],"about":[{"href":"https:\/\/www.grimme-partner.com\/en\/wp-json\/wp\/v2\/types\/page"}],"author":[{"embeddable":true,"href":"https:\/\/www.grimme-partner.com\/en\/wp-json\/wp\/v2\/users\/2"}],"replies":[{"embeddable":true,"href":"https:\/\/www.grimme-partner.com\/en\/wp-json\/wp\/v2\/comments?post=251"}],"version-history":[{"count":25,"href":"https:\/\/www.grimme-partner.com\/en\/wp-json\/wp\/v2\/pages\/251\/revisions"}],"predecessor-version":[{"id":2571,"href":"https:\/\/www.grimme-partner.com\/en\/wp-json\/wp\/v2\/pages\/251\/revisions\/2571"}],"up":[{"embeddable":true,"href":"https:\/\/www.grimme-partner.com\/en\/wp-json\/wp\/v2\/pages\/84"}],"wp:featuredmedia":[{"embeddable":true,"href":"https:\/\/www.grimme-partner.com\/en\/wp-json\/wp\/v2\/media\/822"}],"wp:attachment":[{"href":"https:\/\/www.grimme-partner.com\/en\/wp-json\/wp\/v2\/media?parent=251"}],"curies":[{"name":"wp","href":"https:\/\/api.w.org\/{rel}","templated":true}]}}