{"id":1565,"date":"2016-06-28T11:50:38","date_gmt":"2016-06-28T09:50:38","guid":{"rendered":"https:\/\/www.grimme-partner.com\/?page_id=1565"},"modified":"2017-06-06T14:26:31","modified_gmt":"2017-06-06T12:26:31","slug":"umzugsschaeden","status":"publish","type":"page","link":"https:\/\/www.grimme-partner.com\/en\/was-tun-grimme-und-partner\/umzugsschaeden\/","title":{"rendered":"Moving"},"content":{"rendered":"<p>translation comes soon &#8230;<\/p>","protected":false},"excerpt":{"rendered":"<p>translation comes soon &#8230;<\/p>\n","protected":false},"author":2,"featured_media":1599,"parent":4,"menu_order":3,"comment_status":"closed","ping_status":"closed","template":"","meta":[],"acf":[],"yoast_head":"<!-- This site is optimized with the Yoast SEO plugin v20.0 - https:\/\/yoast.com\/wordpress\/plugins\/seo\/ -->\n<title>Rechtsanw\u00e4lte in Hamburg, Transportrecht, Umzugssch\u00e4den<\/title>\n<meta name=\"description\" content=\"Abwicklung von Umzugssch\u00e4den f\u00fcr Versicherer, Assekuradeure und Makler unter Regressierung der Sch\u00e4den gg\u00fc. den verantworlichen Umzugsunternehmen.\" \/>\n<meta name=\"robots\" content=\"index, follow, max-snippet:-1, max-image-preview:large, max-video-preview:-1\" \/>\n<link rel=\"canonical\" href=\"https:\/\/www.grimme-partner.com\/en\/was-tun-grimme-und-partner\/umzugsschaeden\/\" \/>\n<meta property=\"og:locale\" content=\"en_US\" \/>\n<meta property=\"og:type\" content=\"article\" \/>\n<meta property=\"og:title\" content=\"Rechtsanw\u00e4lte in Hamburg, Transportrecht, Umzugssch\u00e4den\" \/>\n<meta property=\"og:description\" content=\"Abwicklung von Umzugssch\u00e4den f\u00fcr Versicherer, Assekuradeure und Makler unter Regressierung der Sch\u00e4den gg\u00fc. den verantworlichen Umzugsunternehmen.\" \/>\n<meta property=\"og:url\" content=\"https:\/\/www.grimme-partner.com\/en\/was-tun-grimme-und-partner\/umzugsschaeden\/\" \/>\n<meta property=\"og:site_name\" content=\"Grimme &amp; Partner\" \/>\n<meta property=\"article:modified_time\" content=\"2017-06-06T12:26:31+00:00\" \/>\n<meta property=\"og:image\" content=\"https:\/\/www.grimme-partner.com\/wp-content\/uploads\/2016\/06\/umzug.jpg\" \/>\n\t<meta property=\"og:image:width\" content=\"1040\" \/>\n\t<meta property=\"og:image:height\" content=\"700\" \/>\n\t<meta property=\"og:image:type\" content=\"image\/jpeg\" \/>\n<meta name=\"twitter:card\" content=\"summary_large_image\" \/>\n<script type=\"application\/ld+json\" class=\"yoast-schema-graph\">{\"@context\":\"https:\/\/schema.org\",\"@graph\":[{\"@type\":\"WebPage\",\"@id\":\"https:\/\/www.grimme-partner.com\/en\/was-tun-grimme-und-partner\/umzugsschaeden\/\",\"url\":\"https:\/\/www.grimme-partner.com\/en\/was-tun-grimme-und-partner\/umzugsschaeden\/\",\"name\":\"Rechtsanw\u00e4lte in Hamburg, Transportrecht, Umzugssch\u00e4den\",\"isPartOf\":{\"@id\":\"https:\/\/www.grimme-partner.com\/en\/#website\"},\"datePublished\":\"2016-06-28T09:50:38+00:00\",\"dateModified\":\"2017-06-06T12:26:31+00:00\",\"description\":\"Abwicklung von Umzugssch\u00e4den f\u00fcr Versicherer, Assekuradeure und Makler unter Regressierung der Sch\u00e4den gg\u00fc. den verantworlichen Umzugsunternehmen.\",\"breadcrumb\":{\"@id\":\"https:\/\/www.grimme-partner.com\/en\/was-tun-grimme-und-partner\/umzugsschaeden\/#breadcrumb\"},\"inLanguage\":\"en-US\",\"potentialAction\":[{\"@type\":\"ReadAction\",\"target\":[[\"https:\/\/www.grimme-partner.com\/en\/was-tun-grimme-und-partner\/umzugsschaeden\/\"]]}]},{\"@type\":\"BreadcrumbList\",\"@id\":\"https:\/\/www.grimme-partner.com\/en\/was-tun-grimme-und-partner\/umzugsschaeden\/#breadcrumb\",\"itemListElement\":[{\"@type\":\"ListItem\",\"position\":1,\"name\":\"Startseite\",\"item\":\"https:\/\/www.grimme-partner.com\/en\/\"},{\"@type\":\"ListItem\",\"position\":2,\"name\":\"Was tun Grimme &#038; Partner?\",\"item\":\"https:\/\/www.grimme-partner.com\/en\/was-tun-grimme-und-partner\/\"},{\"@type\":\"ListItem\",\"position\":3,\"name\":\"Umzug\"}]},{\"@type\":\"WebSite\",\"@id\":\"https:\/\/www.grimme-partner.com\/en\/#website\",\"url\":\"https:\/\/www.grimme-partner.com\/en\/\",\"name\":\"Grimme &amp; Partner\",\"description\":\"Lawyers\",\"publisher\":{\"@id\":\"https:\/\/www.grimme-partner.com\/en\/#organization\"},\"potentialAction\":[{\"@type\":\"SearchAction\",\"target\":{\"@type\":\"EntryPoint\",\"urlTemplate\":\"https:\/\/www.grimme-partner.com\/en\/?s={search_term_string}\"},\"query-input\":\"required name=search_term_string\"}],\"inLanguage\":\"en-US\"},{\"@type\":\"Organization\",\"@id\":\"https:\/\/www.grimme-partner.com\/en\/#organization\",\"name\":\"Grimme & Partner\",\"url\":\"https:\/\/www.grimme-partner.com\/en\/\",\"logo\":{\"@type\":\"ImageObject\",\"inLanguage\":\"en-US\",\"@id\":\"https:\/\/www.grimme-partner.com\/en\/#\/schema\/logo\/image\/\",\"url\":\"https:\/\/www.grimme-partner.com\/wp-content\/uploads\/2013\/04\/grimme-und-partner-rechtsanwaelte-logo1.png\",\"contentUrl\":\"https:\/\/www.grimme-partner.com\/wp-content\/uploads\/2013\/04\/grimme-und-partner-rechtsanwaelte-logo1.png\",\"width\":300,\"height\":62,\"caption\":\"Grimme & Partner\"},\"image\":{\"@id\":\"https:\/\/www.grimme-partner.com\/en\/#\/schema\/logo\/image\/\"}}]}<\/script>\n<!-- \/ Yoast SEO plugin. -->","yoast_head_json":{"title":"Rechtsanw\u00e4lte in Hamburg, Transportrecht, Umzugssch\u00e4den","description":"Abwicklung von Umzugssch\u00e4den f\u00fcr Versicherer, Assekuradeure und Makler unter Regressierung der Sch\u00e4den gg\u00fc. den verantworlichen Umzugsunternehmen.","robots":{"index":"index","follow":"follow","max-snippet":"max-snippet:-1","max-image-preview":"max-image-preview:large","max-video-preview":"max-video-preview:-1"},"canonical":"https:\/\/www.grimme-partner.com\/en\/was-tun-grimme-und-partner\/umzugsschaeden\/","og_locale":"en_US","og_type":"article","og_title":"Rechtsanw\u00e4lte in Hamburg, Transportrecht, Umzugssch\u00e4den","og_description":"Abwicklung von Umzugssch\u00e4den f\u00fcr Versicherer, Assekuradeure und Makler unter Regressierung der Sch\u00e4den gg\u00fc. den verantworlichen Umzugsunternehmen.","og_url":"https:\/\/www.grimme-partner.com\/en\/was-tun-grimme-und-partner\/umzugsschaeden\/","og_site_name":"Grimme &amp; Partner","article_modified_time":"2017-06-06T12:26:31+00:00","og_image":[{"width":1040,"height":700,"url":"https:\/\/www.grimme-partner.com\/wp-content\/uploads\/2016\/06\/umzug.jpg","type":"image\/jpeg"}],"twitter_card":"summary_large_image","schema":{"@context":"https:\/\/schema.org","@graph":[{"@type":"WebPage","@id":"https:\/\/www.grimme-partner.com\/en\/was-tun-grimme-und-partner\/umzugsschaeden\/","url":"https:\/\/www.grimme-partner.com\/en\/was-tun-grimme-und-partner\/umzugsschaeden\/","name":"Rechtsanw\u00e4lte in Hamburg, Transportrecht, Umzugssch\u00e4den","isPartOf":{"@id":"https:\/\/www.grimme-partner.com\/en\/#website"},"datePublished":"2016-06-28T09:50:38+00:00","dateModified":"2017-06-06T12:26:31+00:00","description":"Abwicklung von Umzugssch\u00e4den f\u00fcr Versicherer, Assekuradeure und Makler unter Regressierung der Sch\u00e4den gg\u00fc. den verantworlichen Umzugsunternehmen.","breadcrumb":{"@id":"https:\/\/www.grimme-partner.com\/en\/was-tun-grimme-und-partner\/umzugsschaeden\/#breadcrumb"},"inLanguage":"en-US","potentialAction":[{"@type":"ReadAction","target":[["https:\/\/www.grimme-partner.com\/en\/was-tun-grimme-und-partner\/umzugsschaeden\/"]]}]},{"@type":"BreadcrumbList","@id":"https:\/\/www.grimme-partner.com\/en\/was-tun-grimme-und-partner\/umzugsschaeden\/#breadcrumb","itemListElement":[{"@type":"ListItem","position":1,"name":"Startseite","item":"https:\/\/www.grimme-partner.com\/en\/"},{"@type":"ListItem","position":2,"name":"Was tun Grimme &#038; Partner?","item":"https:\/\/www.grimme-partner.com\/en\/was-tun-grimme-und-partner\/"},{"@type":"ListItem","position":3,"name":"Umzug"}]},{"@type":"WebSite","@id":"https:\/\/www.grimme-partner.com\/en\/#website","url":"https:\/\/www.grimme-partner.com\/en\/","name":"Grimme &amp; Partner","description":"Lawyers","publisher":{"@id":"https:\/\/www.grimme-partner.com\/en\/#organization"},"potentialAction":[{"@type":"SearchAction","target":{"@type":"EntryPoint","urlTemplate":"https:\/\/www.grimme-partner.com\/en\/?s={search_term_string}"},"query-input":"required name=search_term_string"}],"inLanguage":"en-US"},{"@type":"Organization","@id":"https:\/\/www.grimme-partner.com\/en\/#organization","name":"Grimme & Partner","url":"https:\/\/www.grimme-partner.com\/en\/","logo":{"@type":"ImageObject","inLanguage":"en-US","@id":"https:\/\/www.grimme-partner.com\/en\/#\/schema\/logo\/image\/","url":"https:\/\/www.grimme-partner.com\/wp-content\/uploads\/2013\/04\/grimme-und-partner-rechtsanwaelte-logo1.png","contentUrl":"https:\/\/www.grimme-partner.com\/wp-content\/uploads\/2013\/04\/grimme-und-partner-rechtsanwaelte-logo1.png","width":300,"height":62,"caption":"Grimme & Partner"},"image":{"@id":"https:\/\/www.grimme-partner.com\/en\/#\/schema\/logo\/image\/"}}]}},"_links":{"self":[{"href":"https:\/\/www.grimme-partner.com\/en\/wp-json\/wp\/v2\/pages\/1565"}],"collection":[{"href":"https:\/\/www.grimme-partner.com\/en\/wp-json\/wp\/v2\/pages"}],"about":[{"href":"https:\/\/www.grimme-partner.com\/en\/wp-json\/wp\/v2\/types\/page"}],"author":[{"embeddable":true,"href":"https:\/\/www.grimme-partner.com\/en\/wp-json\/wp\/v2\/users\/2"}],"replies":[{"embeddable":true,"href":"https:\/\/www.grimme-partner.com\/en\/wp-json\/wp\/v2\/comments?post=1565"}],"version-history":[{"count":7,"href":"https:\/\/www.grimme-partner.com\/en\/wp-json\/wp\/v2\/pages\/1565\/revisions"}],"predecessor-version":[{"id":1755,"href":"https:\/\/www.grimme-partner.com\/en\/wp-json\/wp\/v2\/pages\/1565\/revisions\/1755"}],"up":[{"embeddable":true,"href":"https:\/\/www.grimme-partner.com\/en\/wp-json\/wp\/v2\/pages\/4"}],"wp:featuredmedia":[{"embeddable":true,"href":"https:\/\/www.grimme-partner.com\/en\/wp-json\/wp\/v2\/media\/1599"}],"wp:attachment":[{"href":"https:\/\/www.grimme-partner.com\/en\/wp-json\/wp\/v2\/media?parent=1565"}],"curies":[{"name":"wp","href":"https:\/\/api.w.org\/{rel}","templated":true}]}}