{"id":13,"date":"2013-04-17T11:30:58","date_gmt":"2013-04-17T09:30:58","guid":{"rendered":"https:\/\/www.grimme-partner.com\/?page_id=13"},"modified":"2018-07-06T19:08:47","modified_gmt":"2018-07-06T17:08:47","slug":"impressum","status":"publish","type":"page","link":"https:\/\/www.grimme-partner.com\/en\/impressum\/","title":{"rendered":"Imprint"},"content":{"rendered":"<p><\/p>\n<h3><strong>Details according to section 5 of the Telemedia Act (Telemediengesetz &#8211; TMG):<\/strong><\/h3>\n<p>Grimme &amp; Partner<br \/>\nNeum\u00fchlen 9<br \/>\nD-22763 Hamburg<\/p>\n<p><strong>Represented by<\/strong><br \/>\nAttorney-at-law Benjamin Grimme and attorney-at-law Angela Sch\u00fctte<\/p>\n<p><strong>Contact<\/strong><br \/>\nPhone + 49 40 32 57 87 70<br \/>\nFax + 49 40 32 57 87 99<br \/>\nE-mail: <a href=\"mailto:kanzlei@grimme-partner.com\">kanzlei@grimme-partner.com<\/a><\/p>\n<p><strong>Registry entries<\/strong><br \/>\nRegistered in the partnership register<br \/>\nRegistry court: District Court Hamburg<br \/>\nRegistry number: PR 753<\/p>\n<p><strong>VAT<\/strong><br \/>\nValue added tax identification number according to section 27a of the Value Added Tax Act (Umsatzsteuergesetz &#8211; UstG): DE 276958028<\/p>\n<p><strong>Supervisory authority<\/strong><br \/>\nHanseatische Rechtsanwaltskammer Hamburg<br \/>\nValentinskamp 88<br \/>\n20354 Hamburg<br \/>\n<a href=\"http:\/\/www.rechtsanwaltskammerhamburg.de\/\">www.rechtsanwaltskammerhamburg.de<\/a><\/p>\n<p><strong>Professional title and professional rules and regulations<\/strong><br \/>\nStatutory professional title: Rechtsanwalt \/ Rechtsanw\u00e4ltin<br \/>\nResponsible chamber: Hanseatische Rechtsanwaltskammer Hamburg<br \/>\nConferred by: Germany<br \/>\nAll professionals are admitted to the bar as \u201cRechtsanwalt\u201d or \u201cRechtsanw\u00e4ltin\u201d in the Federal Republic of Germany<\/p>\n<p>The following professional rules and regulations apply:<br \/>\nFederal Lawyer\u2019s Act &#8211; Bundesrechtsanwaltsordnung (BRAO)<br \/>\nGerman Lawyer\u2019s Fees Act &#8211; Rechtsanwaltsverg\u00fctungsgesetz (RVG)<br \/>\nProfessional Code of Conduct for Lawyers &#8211; Berufsordnung der Rechtsanw\u00e4lte (BORA)<br \/>\nCode of Conduct for Lawyers in the European Union\u00a0 &#8211; Berufsregeln der Rechtsanw\u00e4lte der EG, Specialist Lawyer\u2019s Act &#8211; Fachanwaltsordnung (FAO)<br \/>\nAct on the Activity of European Lawyers in Germany &#8211; Gesetz \u00fcber die T\u00e4tigkeit europ\u00e4ischer Rechtsanw\u00e4lte in Deutschland (EuRAG)<br \/>\nRules and regulations available at: <a href=\"http:\/\/www.rechtsanwaltskammerhamburg.de\/\">www.rechtsanwaltskammerhamburg.de<\/a><\/p>\n<p><strong>Dispute resolution<\/strong><br \/>\nThe European Commission provides a platform for online dispute Resolution (ODR):<\/p>\n<p><a href=\"http:\/\/ec.europa.eu\/consumers\/odr\">ec.europa.eu\/consumers\/odr<\/a><br \/>\nPlease find our e-mail address in the imprint above.<\/p>\n<p>We take part in a dispute settlement procedure at a dispute resolution body for consumers.<\/p>\n<p>The responsible dispute resolution body for pecuniary disputes from the client-attorney relationship is:<\/p>\n<p>Schlichtungsstelle der Rechtsanwaltschaft<br \/>\nNeue Gr\u00fcnstra\u00dfe 17<br \/>\n10179 Berlin<br \/>\n<a href=\"http:\/\/www.s-d-r.org\/\">www.s-d-r.org<\/a><\/p>\n<p>The Lawyers Grimme &amp; Partner are generally willing to take part in a dispute settlement procedure at the Schlichtungstelle der Rechtsanwaltschaft.<\/p>\n<p><strong>Person responsible in terms of the General Data Protection Regulation (GDPR)<\/strong><br \/>\nAnwaltskanzlei Grimme &amp; Partner<br \/>\nNeum\u00fchlen 9<br \/>\n22763 Hamburg<br \/>\nE-mail: kanzlei@grimme-partner.com<br \/>\nPhone: +49 (0)40 \u2013 325787-70<br \/>\nFax: +49 (0)40 \u2013 325787-99.<\/p>\n<p>The Anwaltskanzlei Grimme &amp; Partner\u2019s internal data protection officer can be contacted via the above address, FAO Ms. Dreger or by e-mail: <a href=\"mailto:m.dreger@grimme-partner.com\">m.dreger@grimme-partner.com<\/a>.<\/p>\n<p><strong>Liability for content<\/strong><br \/>\nAs service providers we are in accordance with section 7 subsection 1 of the Telemedia Act (Telemediengesetz &#8211; TMG) responsible for our own contents on this website according to general law. However, according to sections 8 and 10 TMG we as service providers are not bound to supervise transmitted or saved foreign information or to research its circumstances that indicate an illegal activity. Any obligations to remove or to suspend access to the use of information are according to general law not affected by this. However, any liability in this regard is only given after having obtained knowledge of the infringement. Should such infringements occur we will remove the contents the moment we are informed about them.<\/p>\n<p><strong>\u00a0Liability for hyperlinks<\/strong><br \/>\nOur service contains hyperlinks to external third parties\u2018 websites, whose contents we cannot influence. Therefore, we cannot assume liability for these external contents. In any case the respective website providers or operators are responsible for the contents of interlinked websites. The interlinked websites have been assessed regarding legal infringements at the time when they were linked. At that time no illegal contents were detected. Permanent control of the linked sites\u2019 contents without accurate indication for legal infringement is not reasonable. As soon as we gain knowledge of any infringements, we will remove such links.<\/p>\n<p><strong>Copyright<\/strong><br \/>\nThe contents and works created by the website\u2019s operators on these sites are subject to German copyright.\u00a0 Copying, editing, spreading and any kind of utilization beyond the limits of German copyright require the respective author\u2019s \/ creator\u2019s written consent. Downloads and copies of these sites are permitted for private non-commercial use only. As far as the contents on this site were not created by the operator, third parties\u2019 copyrights are respected. Third parties\u2019 contents are particularly labeled as such. Should you, however, become aware of any copyright abuse please let us know. As soon as we are informed about any infringements we will remove such contents.<\/p>\n<p><strong>\u00a0<\/strong>Source: <a href=\"https:\/\/www.e-recht24.de\/\">www.e-recht24.de<\/a><\/p>\n<p>Design: <a href=\"http:\/\/www.lola-rueppel.de\/\">Lola R\u00fcppel<\/a><br \/>\nDrawings: <a href=\"http:\/\/www.jonas-koetz.de\/\">Jonas K\u00f6tz<\/a><br \/>\nProgramming: <a href=\"http:\/\/www.frevert.de\/\">Tania Frevert<\/a><\/p>\n<p>Backgrounds:\u00a0Fotolia.com \u00a9 dankos \/\u00a0\u00a9 pockygallery11 \/ \u00a9 oly5 \/ \u00a9 akf \/ \u00a9 proffelice \/ \u00a9 KDM \/ \u00a9 picsfive \/ \u00a9 Mark Carrel \/ \u00a9 kromkrathog \/ \u00a9 Panama \/ \u00a9 forplayday \/ \u00a9 fotopak \/ \u00a9 babimu \/ \u00a9 criminalatt \/ \u00a9 isonphoto<\/p>","protected":false},"excerpt":{"rendered":"<p>Details according to section 5 of the Telemedia Act (Telemediengesetz &#8211; TMG): Grimme &amp; Partner Neum\u00fchlen 9 D-22763 Hamburg Represented by Attorney-at-law Benjamin Grimme and attorney-at-law Angela Sch\u00fctte Contact Phone + 49 40 32 57 87 70 Fax + 49 40 32 57 87 99 E-mail: kanzlei@grimme-partner.com Registry entries Registered in the partnership register Registry [&hellip;]<\/p>\n","protected":false},"author":1,"featured_media":0,"parent":0,"menu_order":81,"comment_status":"closed","ping_status":"closed","template":"page-templates\/full-width.php","meta":[],"acf":[],"yoast_head":"<!-- This site is optimized with the Yoast SEO plugin v20.0 - https:\/\/yoast.com\/wordpress\/plugins\/seo\/ -->\n<title>Grimme &amp; Partner Rechtsanw\u00e4lte, Hamburg, Impressum<\/title>\n<meta name=\"description\" content=\"Impressum, Grimme &amp; Partner, Rechtsanw\u00e4lte, Neum\u00fchlen 9, 22763 Hamburg, Tel.: + 49 40 32578770\" \/>\n<meta name=\"robots\" content=\"index, follow, max-snippet:-1, max-image-preview:large, max-video-preview:-1\" \/>\n<link rel=\"canonical\" href=\"https:\/\/www.grimme-partner.com\/en\/impressum\/\" \/>\n<meta property=\"og:locale\" content=\"en_US\" \/>\n<meta property=\"og:type\" content=\"article\" \/>\n<meta property=\"og:title\" content=\"Grimme &amp; Partner Rechtsanw\u00e4lte, Hamburg, Impressum\" \/>\n<meta property=\"og:description\" content=\"Impressum, Grimme &amp; Partner, Rechtsanw\u00e4lte, Neum\u00fchlen 9, 22763 Hamburg, Tel.: + 49 40 32578770\" \/>\n<meta property=\"og:url\" content=\"https:\/\/www.grimme-partner.com\/en\/impressum\/\" \/>\n<meta property=\"og:site_name\" content=\"Grimme &amp; Partner\" \/>\n<meta property=\"article:modified_time\" content=\"2018-07-06T17:08:47+00:00\" \/>\n<meta name=\"twitter:card\" content=\"summary_large_image\" \/>\n<meta name=\"twitter:label1\" content=\"Est. reading time\" \/>\n\t<meta name=\"twitter:data1\" content=\"6 minutes\" \/>\n<script type=\"application\/ld+json\" class=\"yoast-schema-graph\">{\"@context\":\"https:\/\/schema.org\",\"@graph\":[{\"@type\":\"WebPage\",\"@id\":\"https:\/\/www.grimme-partner.com\/en\/impressum\/\",\"url\":\"https:\/\/www.grimme-partner.com\/en\/impressum\/\",\"name\":\"Grimme & Partner Rechtsanw\u00e4lte, Hamburg, Impressum\",\"isPartOf\":{\"@id\":\"https:\/\/www.grimme-partner.com\/en\/#website\"},\"datePublished\":\"2013-04-17T09:30:58+00:00\",\"dateModified\":\"2018-07-06T17:08:47+00:00\",\"description\":\"Impressum, Grimme & Partner, Rechtsanw\u00e4lte, Neum\u00fchlen 9, 22763 Hamburg, Tel.: + 49 40 32578770\",\"breadcrumb\":{\"@id\":\"https:\/\/www.grimme-partner.com\/en\/impressum\/#breadcrumb\"},\"inLanguage\":\"en-US\",\"potentialAction\":[{\"@type\":\"ReadAction\",\"target\":[[\"https:\/\/www.grimme-partner.com\/en\/impressum\/\"]]}]},{\"@type\":\"BreadcrumbList\",\"@id\":\"https:\/\/www.grimme-partner.com\/en\/impressum\/#breadcrumb\",\"itemListElement\":[{\"@type\":\"ListItem\",\"position\":1,\"name\":\"Startseite\",\"item\":\"https:\/\/www.grimme-partner.com\/en\/\"},{\"@type\":\"ListItem\",\"position\":2,\"name\":\"Impressum\"}]},{\"@type\":\"WebSite\",\"@id\":\"https:\/\/www.grimme-partner.com\/en\/#website\",\"url\":\"https:\/\/www.grimme-partner.com\/en\/\",\"name\":\"Grimme &amp; Partner\",\"description\":\"Lawyers\",\"publisher\":{\"@id\":\"https:\/\/www.grimme-partner.com\/en\/#organization\"},\"potentialAction\":[{\"@type\":\"SearchAction\",\"target\":{\"@type\":\"EntryPoint\",\"urlTemplate\":\"https:\/\/www.grimme-partner.com\/en\/?s={search_term_string}\"},\"query-input\":\"required name=search_term_string\"}],\"inLanguage\":\"en-US\"},{\"@type\":\"Organization\",\"@id\":\"https:\/\/www.grimme-partner.com\/en\/#organization\",\"name\":\"Grimme & Partner\",\"url\":\"https:\/\/www.grimme-partner.com\/en\/\",\"logo\":{\"@type\":\"ImageObject\",\"inLanguage\":\"en-US\",\"@id\":\"https:\/\/www.grimme-partner.com\/en\/#\/schema\/logo\/image\/\",\"url\":\"https:\/\/www.grimme-partner.com\/wp-content\/uploads\/2013\/04\/grimme-und-partner-rechtsanwaelte-logo1.png\",\"contentUrl\":\"https:\/\/www.grimme-partner.com\/wp-content\/uploads\/2013\/04\/grimme-und-partner-rechtsanwaelte-logo1.png\",\"width\":300,\"height\":62,\"caption\":\"Grimme & Partner\"},\"image\":{\"@id\":\"https:\/\/www.grimme-partner.com\/en\/#\/schema\/logo\/image\/\"}}]}<\/script>\n<!-- \/ Yoast SEO plugin. -->","yoast_head_json":{"title":"Grimme & Partner Rechtsanw\u00e4lte, Hamburg, Impressum","description":"Impressum, Grimme & Partner, Rechtsanw\u00e4lte, Neum\u00fchlen 9, 22763 Hamburg, Tel.: + 49 40 32578770","robots":{"index":"index","follow":"follow","max-snippet":"max-snippet:-1","max-image-preview":"max-image-preview:large","max-video-preview":"max-video-preview:-1"},"canonical":"https:\/\/www.grimme-partner.com\/en\/impressum\/","og_locale":"en_US","og_type":"article","og_title":"Grimme & Partner Rechtsanw\u00e4lte, Hamburg, Impressum","og_description":"Impressum, Grimme & Partner, Rechtsanw\u00e4lte, Neum\u00fchlen 9, 22763 Hamburg, Tel.: + 49 40 32578770","og_url":"https:\/\/www.grimme-partner.com\/en\/impressum\/","og_site_name":"Grimme &amp; Partner","article_modified_time":"2018-07-06T17:08:47+00:00","twitter_card":"summary_large_image","twitter_misc":{"Est. reading time":"6 minutes"},"schema":{"@context":"https:\/\/schema.org","@graph":[{"@type":"WebPage","@id":"https:\/\/www.grimme-partner.com\/en\/impressum\/","url":"https:\/\/www.grimme-partner.com\/en\/impressum\/","name":"Grimme & Partner Rechtsanw\u00e4lte, Hamburg, Impressum","isPartOf":{"@id":"https:\/\/www.grimme-partner.com\/en\/#website"},"datePublished":"2013-04-17T09:30:58+00:00","dateModified":"2018-07-06T17:08:47+00:00","description":"Impressum, Grimme & Partner, Rechtsanw\u00e4lte, Neum\u00fchlen 9, 22763 Hamburg, Tel.: + 49 40 32578770","breadcrumb":{"@id":"https:\/\/www.grimme-partner.com\/en\/impressum\/#breadcrumb"},"inLanguage":"en-US","potentialAction":[{"@type":"ReadAction","target":[["https:\/\/www.grimme-partner.com\/en\/impressum\/"]]}]},{"@type":"BreadcrumbList","@id":"https:\/\/www.grimme-partner.com\/en\/impressum\/#breadcrumb","itemListElement":[{"@type":"ListItem","position":1,"name":"Startseite","item":"https:\/\/www.grimme-partner.com\/en\/"},{"@type":"ListItem","position":2,"name":"Impressum"}]},{"@type":"WebSite","@id":"https:\/\/www.grimme-partner.com\/en\/#website","url":"https:\/\/www.grimme-partner.com\/en\/","name":"Grimme &amp; Partner","description":"Lawyers","publisher":{"@id":"https:\/\/www.grimme-partner.com\/en\/#organization"},"potentialAction":[{"@type":"SearchAction","target":{"@type":"EntryPoint","urlTemplate":"https:\/\/www.grimme-partner.com\/en\/?s={search_term_string}"},"query-input":"required name=search_term_string"}],"inLanguage":"en-US"},{"@type":"Organization","@id":"https:\/\/www.grimme-partner.com\/en\/#organization","name":"Grimme & Partner","url":"https:\/\/www.grimme-partner.com\/en\/","logo":{"@type":"ImageObject","inLanguage":"en-US","@id":"https:\/\/www.grimme-partner.com\/en\/#\/schema\/logo\/image\/","url":"https:\/\/www.grimme-partner.com\/wp-content\/uploads\/2013\/04\/grimme-und-partner-rechtsanwaelte-logo1.png","contentUrl":"https:\/\/www.grimme-partner.com\/wp-content\/uploads\/2013\/04\/grimme-und-partner-rechtsanwaelte-logo1.png","width":300,"height":62,"caption":"Grimme & Partner"},"image":{"@id":"https:\/\/www.grimme-partner.com\/en\/#\/schema\/logo\/image\/"}}]}},"_links":{"self":[{"href":"https:\/\/www.grimme-partner.com\/en\/wp-json\/wp\/v2\/pages\/13"}],"collection":[{"href":"https:\/\/www.grimme-partner.com\/en\/wp-json\/wp\/v2\/pages"}],"about":[{"href":"https:\/\/www.grimme-partner.com\/en\/wp-json\/wp\/v2\/types\/page"}],"author":[{"embeddable":true,"href":"https:\/\/www.grimme-partner.com\/en\/wp-json\/wp\/v2\/users\/1"}],"replies":[{"embeddable":true,"href":"https:\/\/www.grimme-partner.com\/en\/wp-json\/wp\/v2\/comments?post=13"}],"version-history":[{"count":38,"href":"https:\/\/www.grimme-partner.com\/en\/wp-json\/wp\/v2\/pages\/13\/revisions"}],"predecessor-version":[{"id":2035,"href":"https:\/\/www.grimme-partner.com\/en\/wp-json\/wp\/v2\/pages\/13\/revisions\/2035"}],"wp:attachment":[{"href":"https:\/\/www.grimme-partner.com\/en\/wp-json\/wp\/v2\/media?parent=13"}],"curies":[{"name":"wp","href":"https:\/\/api.w.org\/{rel}","templated":true}]}}